{"id":8116,"date":"2025-11-07T05:33:16","date_gmt":"2025-11-07T05:33:16","guid":{"rendered":"https:\/\/engitech.az\/?post_type=product&#038;p=8116"},"modified":"2025-11-13T07:23:49","modified_gmt":"2025-11-13T07:23:49","slug":"line-jack-units","status":"publish","type":"product","link":"https:\/\/engitech.az\/en\/product\/line-jack-units\/","title":{"rendered":"Line Jack Units"},"content":{"rendered":"<ul>\n<li data-start=\"25\" data-end=\"67\"><strong data-start=\"25\" data-end=\"36\">Application:<\/strong> Phone and data connections<\/li>\n<li data-start=\"70\" data-end=\"97\"><strong data-start=\"70\" data-end=\"79\">Port:<\/strong> 1\u20134 RJ11 \/ RJ45<\/li>\n<li data-start=\"100\" data-end=\"135\"><strong data-start=\"100\" data-end=\"111\">Assembly:<\/strong> Wall or surface type<\/li>\n<li data-start=\"138\" data-end=\"173\"><strong data-start=\"138\" data-end=\"151\">Usage:<\/strong> Office and home networks<\/li>\n<\/ul>","protected":false},"excerpt":{"rendered":"<p>T\u0259tbiq: Telefon v\u0259 data ba\u011flant\u0131lar\u0131 Port: 1\u20134 RJ11 \/ RJ45  [&#8230;]<\/p>","protected":false},"featured_media":8117,"comment_status":"open","ping_status":"closed","template":"","meta":[],"product_brand":[],"product_cat":[229],"product_tag":[],"class_list":{"0":"post-8116","1":"product","2":"type-product","3":"status-publish","4":"has-post-thumbnail","6":"product_cat-linxcom","7":"pa_mehsul-tipi-voice","9":"first","10":"instock","11":"sold-individually","12":"shipping-taxable","13":"purchasable","14":"product-type-simple"},"_links":{"self":[{"href":"https:\/\/engitech.az\/en\/wp-json\/wp\/v2\/product\/8116","targetHints":{"allow":["GET"]}}],"collection":[{"href":"https:\/\/engitech.az\/en\/wp-json\/wp\/v2\/product"}],"about":[{"href":"https:\/\/engitech.az\/en\/wp-json\/wp\/v2\/types\/product"}],"replies":[{"embeddable":true,"href":"https:\/\/engitech.az\/en\/wp-json\/wp\/v2\/comments?post=8116"}],"wp:featuredmedia":[{"embeddable":true,"href":"https:\/\/engitech.az\/en\/wp-json\/wp\/v2\/media\/8117"}],"wp:attachment":[{"href":"https:\/\/engitech.az\/en\/wp-json\/wp\/v2\/media?parent=8116"}],"wp:term":[{"taxonomy":"product_brand","embeddable":true,"href":"https:\/\/engitech.az\/en\/wp-json\/wp\/v2\/product_brand?post=8116"},{"taxonomy":"product_cat","embeddable":true,"href":"https:\/\/engitech.az\/en\/wp-json\/wp\/v2\/product_cat?post=8116"},{"taxonomy":"product_tag","embeddable":true,"href":"https:\/\/engitech.az\/en\/wp-json\/wp\/v2\/product_tag?post=8116"}],"curies":[{"name":"wp","href":"https:\/\/api.w.org\/{rel}","templated":true}]}}