{"id":8168,"date":"2025-11-07T07:35:38","date_gmt":"2025-11-07T07:35:38","guid":{"rendered":"https:\/\/engitech.az\/?post_type=product&#038;p=8168"},"modified":"2025-11-13T11:40:34","modified_gmt":"2025-11-13T11:40:34","slug":"p67850-b21-hpe-ml30-gen11-sff-pcie-cbl-kit","status":"publish","type":"product","link":"https:\/\/engitech.az\/en\/product\/p67850-b21-hpe-ml30-gen11-sff-pcie-cbl-kit\/","title":{"rendered":"P67850-B21 HPE ML30 Gen11 SFF PCIe Cbl Kit"},"content":{"rendered":"<ul>\n<li data-start=\"54\" data-end=\"110\"><strong data-start=\"54\" data-end=\"65\">Application:<\/strong> PCIe connectivity for HPE ML30 Gen11 servers<\/li>\n<li data-start=\"113\" data-end=\"156\"><strong data-start=\"113\" data-end=\"130\">Form factor:<\/strong> SFF (Small Form Factor)<\/li>\n<li data-start=\"159\" data-end=\"211\"><strong data-start=\"159\" data-end=\"170\">Composition:<\/strong> PCIe cables and connection components<\/li>\n<li data-start=\"214\" data-end=\"281\"><strong data-start=\"214\" data-end=\"227\">Usage:<\/strong> Server expansion and installation of additional cards<\/li>\n<\/ul>","protected":false},"excerpt":{"rendered":"<p>T\u0259tbiq: HPE ML30 Gen11 serverl\u0259r \u00fc\u00e7\u00fcn PCIe \u0259laq\u0259si Form faktoru:  [&#8230;]<\/p>","protected":false},"featured_media":8169,"comment_status":"open","ping_status":"closed","template":"","meta":[],"product_brand":[],"product_cat":[52],"product_tag":[],"class_list":{"0":"post-8168","1":"product","2":"type-product","3":"status-publish","4":"has-post-thumbnail","6":"product_cat-hpe","7":"pa_mehsul-tipi-server-parts","9":"first","10":"instock","11":"sold-individually","12":"shipping-taxable","13":"purchasable","14":"product-type-simple"},"_links":{"self":[{"href":"https:\/\/engitech.az\/en\/wp-json\/wp\/v2\/product\/8168","targetHints":{"allow":["GET"]}}],"collection":[{"href":"https:\/\/engitech.az\/en\/wp-json\/wp\/v2\/product"}],"about":[{"href":"https:\/\/engitech.az\/en\/wp-json\/wp\/v2\/types\/product"}],"replies":[{"embeddable":true,"href":"https:\/\/engitech.az\/en\/wp-json\/wp\/v2\/comments?post=8168"}],"wp:featuredmedia":[{"embeddable":true,"href":"https:\/\/engitech.az\/en\/wp-json\/wp\/v2\/media\/8169"}],"wp:attachment":[{"href":"https:\/\/engitech.az\/en\/wp-json\/wp\/v2\/media?parent=8168"}],"wp:term":[{"taxonomy":"product_brand","embeddable":true,"href":"https:\/\/engitech.az\/en\/wp-json\/wp\/v2\/product_brand?post=8168"},{"taxonomy":"product_cat","embeddable":true,"href":"https:\/\/engitech.az\/en\/wp-json\/wp\/v2\/product_cat?post=8168"},{"taxonomy":"product_tag","embeddable":true,"href":"https:\/\/engitech.az\/en\/wp-json\/wp\/v2\/product_tag?post=8168"}],"curies":[{"name":"wp","href":"https:\/\/api.w.org\/{rel}","templated":true}]}}