{"id":8170,"date":"2025-11-07T07:38:14","date_gmt":"2025-11-07T07:38:14","guid":{"rendered":"https:\/\/engitech.az\/?post_type=product&#038;p=8170"},"modified":"2025-11-13T11:37:19","modified_gmt":"2025-11-13T11:37:19","slug":"hpe-microsvr-gen10-nhp-sff-converter-kit","status":"publish","type":"product","link":"https:\/\/engitech.az\/en\/product\/hpe-microsvr-gen10-nhp-sff-converter-kit\/","title":{"rendered":"HPE MicroSvr Gen10 NHP SFF Converter Kit"},"content":{"rendered":"<ul>\n<li data-start=\"64\" data-end=\"117\"><strong data-start=\"64\" data-end=\"75\">Application:<\/strong> SFF conversion for MicroServer Gen10<\/li>\n<li data-start=\"120\" data-end=\"174\"><strong data-start=\"120\" data-end=\"133\">Function:<\/strong> NHP drives fit into SFF chassis<\/li>\n<li data-start=\"177\" data-end=\"215\"><strong data-start=\"177\" data-end=\"190\">Usage:<\/strong> Server disk installation<\/li>\n<\/ul>","protected":false},"excerpt":{"rendered":"<p>T\u0259tbiq: MicroServer Gen10 \u00fc\u00e7\u00fcn SFF konvertasiya Funksiya: NHP diskl\u0259ri SFF  [&#8230;]<\/p>","protected":false},"featured_media":8171,"comment_status":"open","ping_status":"closed","template":"","meta":[],"product_brand":[],"product_cat":[52],"product_tag":[],"class_list":{"0":"post-8170","1":"product","2":"type-product","3":"status-publish","4":"has-post-thumbnail","6":"product_cat-hpe","7":"pa_mehsul-tipi-server-parts","9":"first","10":"instock","11":"sold-individually","12":"shipping-taxable","13":"purchasable","14":"product-type-simple"},"_links":{"self":[{"href":"https:\/\/engitech.az\/en\/wp-json\/wp\/v2\/product\/8170","targetHints":{"allow":["GET"]}}],"collection":[{"href":"https:\/\/engitech.az\/en\/wp-json\/wp\/v2\/product"}],"about":[{"href":"https:\/\/engitech.az\/en\/wp-json\/wp\/v2\/types\/product"}],"replies":[{"embeddable":true,"href":"https:\/\/engitech.az\/en\/wp-json\/wp\/v2\/comments?post=8170"}],"wp:featuredmedia":[{"embeddable":true,"href":"https:\/\/engitech.az\/en\/wp-json\/wp\/v2\/media\/8171"}],"wp:attachment":[{"href":"https:\/\/engitech.az\/en\/wp-json\/wp\/v2\/media?parent=8170"}],"wp:term":[{"taxonomy":"product_brand","embeddable":true,"href":"https:\/\/engitech.az\/en\/wp-json\/wp\/v2\/product_brand?post=8170"},{"taxonomy":"product_cat","embeddable":true,"href":"https:\/\/engitech.az\/en\/wp-json\/wp\/v2\/product_cat?post=8170"},{"taxonomy":"product_tag","embeddable":true,"href":"https:\/\/engitech.az\/en\/wp-json\/wp\/v2\/product_tag?post=8170"}],"curies":[{"name":"wp","href":"https:\/\/api.w.org\/{rel}","templated":true}]}}