{"id":8172,"date":"2025-11-07T07:40:21","date_gmt":"2025-11-07T07:40:21","guid":{"rendered":"https:\/\/engitech.az\/?post_type=product&#038;p=8172"},"modified":"2025-11-13T11:35:15","modified_gmt":"2025-11-13T11:35:15","slug":"hpe-flexfabric-10gb-2p-534flr-sfp-adptr","status":"publish","type":"product","link":"https:\/\/engitech.az\/en\/product\/hpe-flexfabric-10gb-2p-534flr-sfp-adptr\/","title":{"rendered":"HPE FlexFabric 10Gb 2P 534FLR-SFP+ Adptr"},"content":{"rendered":"<ul>\n<li data-start=\"63\" data-end=\"118\"><strong data-start=\"63\" data-end=\"74\">Application:<\/strong> 10Gb Ethernet adapter for HPE servers<\/li>\n<li data-start=\"121\" data-end=\"139\"><strong data-start=\"121\" data-end=\"130\">Port:<\/strong> 2\u00d7SFP+<\/li>\n<li data-start=\"142\" data-end=\"162\"><strong data-start=\"142\" data-end=\"152\">Speed:<\/strong> 10Gbps<\/li>\n<li data-start=\"165\" data-end=\"214\"><strong data-start=\"165\" data-end=\"178\">Function:<\/strong> FlexFabric 534FLR network adapter<\/li>\n<li data-start=\"217\" data-end=\"264\"><strong data-start=\"217\" data-end=\"230\">Usage:<\/strong> Data center and server networks<\/li>\n<\/ul>","protected":false},"excerpt":{"rendered":"<p>T\u0259tbiq: HPE serverl\u0259r \u00fc\u00e7\u00fcn 10\u202fGb Ethernet adapter Port: 2\u00d7SFP+ S\u00fcr\u0259t:  [&#8230;]<\/p>","protected":false},"featured_media":8173,"comment_status":"open","ping_status":"closed","template":"","meta":[],"product_brand":[],"product_cat":[52],"product_tag":[],"class_list":{"0":"post-8172","1":"product","2":"type-product","3":"status-publish","4":"has-post-thumbnail","6":"product_cat-hpe","7":"pa_mehsul-tipi-server-parts","9":"first","10":"instock","11":"sold-individually","12":"shipping-taxable","13":"purchasable","14":"product-type-simple"},"_links":{"self":[{"href":"https:\/\/engitech.az\/en\/wp-json\/wp\/v2\/product\/8172","targetHints":{"allow":["GET"]}}],"collection":[{"href":"https:\/\/engitech.az\/en\/wp-json\/wp\/v2\/product"}],"about":[{"href":"https:\/\/engitech.az\/en\/wp-json\/wp\/v2\/types\/product"}],"replies":[{"embeddable":true,"href":"https:\/\/engitech.az\/en\/wp-json\/wp\/v2\/comments?post=8172"}],"wp:featuredmedia":[{"embeddable":true,"href":"https:\/\/engitech.az\/en\/wp-json\/wp\/v2\/media\/8173"}],"wp:attachment":[{"href":"https:\/\/engitech.az\/en\/wp-json\/wp\/v2\/media?parent=8172"}],"wp:term":[{"taxonomy":"product_brand","embeddable":true,"href":"https:\/\/engitech.az\/en\/wp-json\/wp\/v2\/product_brand?post=8172"},{"taxonomy":"product_cat","embeddable":true,"href":"https:\/\/engitech.az\/en\/wp-json\/wp\/v2\/product_cat?post=8172"},{"taxonomy":"product_tag","embeddable":true,"href":"https:\/\/engitech.az\/en\/wp-json\/wp\/v2\/product_tag?post=8172"}],"curies":[{"name":"wp","href":"https:\/\/api.w.org\/{rel}","templated":true}]}}