{"id":8181,"date":"2025-11-07T08:28:19","date_gmt":"2025-11-07T08:28:19","guid":{"rendered":"https:\/\/engitech.az\/?post_type=product&#038;p=8181"},"modified":"2025-11-13T12:16:59","modified_gmt":"2025-11-13T12:16:59","slug":"hpe-dl360-gen10-8sff-nc-cto-svr","status":"publish","type":"product","link":"https:\/\/engitech.az\/en\/product\/hpe-dl360-gen10-8sff-nc-cto-svr\/","title":{"rendered":"HPE DL360 Gen10+ 8SFF NC CTO Svr"},"content":{"rendered":"<ul>\n<li data-start=\"56\" data-end=\"92\"><strong data-start=\"56\" data-end=\"67\">Application:<\/strong> HPE Gen10+ rack server<\/li>\n<li data-start=\"95\" data-end=\"134\"><strong data-start=\"95\" data-end=\"112\">Form factor:<\/strong> 1U, 8\u00d7SFF drives<\/li>\n<li data-start=\"137\" data-end=\"202\"><strong data-start=\"137\" data-end=\"155\">Configuration:<\/strong> NC (No Components), CTO (Configure-to-Order)<\/li>\n<li data-start=\"205\" data-end=\"272\"><strong data-start=\"205\" data-end=\"218\">Usage:<\/strong> Data center, virtualization and enterprise applications<\/li>\n<\/ul>","protected":false},"excerpt":{"rendered":"<p>T\u0259tbiq: HPE Gen10+ rack server Form faktoru: 1U, 8\u00d7SFF s\u00fcr\u00fcc\u00fcl\u0259r  [&#8230;]<\/p>","protected":false},"featured_media":8182,"comment_status":"open","ping_status":"closed","template":"","meta":[],"product_brand":[],"product_cat":[52],"product_tag":[],"class_list":{"0":"post-8181","1":"product","2":"type-product","3":"status-publish","4":"has-post-thumbnail","6":"product_cat-hpe","7":"pa_mehsul-tipi-server-parts","9":"first","10":"instock","11":"sold-individually","12":"shipping-taxable","13":"purchasable","14":"product-type-simple"},"_links":{"self":[{"href":"https:\/\/engitech.az\/en\/wp-json\/wp\/v2\/product\/8181","targetHints":{"allow":["GET"]}}],"collection":[{"href":"https:\/\/engitech.az\/en\/wp-json\/wp\/v2\/product"}],"about":[{"href":"https:\/\/engitech.az\/en\/wp-json\/wp\/v2\/types\/product"}],"replies":[{"embeddable":true,"href":"https:\/\/engitech.az\/en\/wp-json\/wp\/v2\/comments?post=8181"}],"wp:featuredmedia":[{"embeddable":true,"href":"https:\/\/engitech.az\/en\/wp-json\/wp\/v2\/media\/8182"}],"wp:attachment":[{"href":"https:\/\/engitech.az\/en\/wp-json\/wp\/v2\/media?parent=8181"}],"wp:term":[{"taxonomy":"product_brand","embeddable":true,"href":"https:\/\/engitech.az\/en\/wp-json\/wp\/v2\/product_brand?post=8181"},{"taxonomy":"product_cat","embeddable":true,"href":"https:\/\/engitech.az\/en\/wp-json\/wp\/v2\/product_cat?post=8181"},{"taxonomy":"product_tag","embeddable":true,"href":"https:\/\/engitech.az\/en\/wp-json\/wp\/v2\/product_tag?post=8181"}],"curies":[{"name":"wp","href":"https:\/\/api.w.org\/{rel}","templated":true}]}}