{"id":8191,"date":"2025-11-07T10:33:29","date_gmt":"2025-11-07T10:33:29","guid":{"rendered":"https:\/\/engitech.az\/?post_type=product&#038;p=8191"},"modified":"2025-11-13T11:19:16","modified_gmt":"2025-11-13T11:19:16","slug":"s2p33a-hpe-anw-25g-sr-sfp28-lc-100m-mmf-c-xcvr","status":"publish","type":"product","link":"https:\/\/engitech.az\/en\/product\/s2p33a-hpe-anw-25g-sr-sfp28-lc-100m-mmf-c-xcvr\/","title":{"rendered":"S2P33A HPE ANW 25G SR SFP28 LC 100m MMF C-XCVR"},"content":{"rendered":"<ul>\n<li data-start=\"61\" data-end=\"100\"><strong data-start=\"61\" data-end=\"72\">Application:<\/strong> 25Gb Ethernet connection<\/li>\n<li data-start=\"103\" data-end=\"138\"><strong data-start=\"103\" data-end=\"116\">Link:<\/strong> SFP28, LC connector<\/li>\n<li data-start=\"141\" data-end=\"166\"><strong data-start=\"141\" data-end=\"152\">Distance:<\/strong> 100 m (MMF)<\/li>\n<li data-start=\"169\" data-end=\"197\"><strong data-start=\"169\" data-end=\"188\">Wavelength:<\/strong> 850 nm<\/li>\n<li data-start=\"200\" data-end=\"244\"><strong data-start=\"200\" data-end=\"213\">Usage:<\/strong> High-speed data networks<\/li>\n<\/ul>","protected":false},"excerpt":{"rendered":"<p>T\u0259tbiq: 25 Gb Ethernet ba\u011flant\u0131s\u0131 Ba\u011flant\u0131: SFP28, LC konnektor M\u0259saf\u0259:  [&#8230;]<\/p>","protected":false},"featured_media":8192,"comment_status":"open","ping_status":"closed","template":"","meta":[],"product_brand":[],"product_cat":[52],"product_tag":[],"class_list":{"0":"post-8191","1":"product","2":"type-product","3":"status-publish","4":"has-post-thumbnail","6":"product_cat-hpe","7":"pa_mehsul-tipi-server-network-parts","9":"first","10":"instock","11":"sold-individually","12":"shipping-taxable","13":"purchasable","14":"product-type-simple"},"_links":{"self":[{"href":"https:\/\/engitech.az\/en\/wp-json\/wp\/v2\/product\/8191","targetHints":{"allow":["GET"]}}],"collection":[{"href":"https:\/\/engitech.az\/en\/wp-json\/wp\/v2\/product"}],"about":[{"href":"https:\/\/engitech.az\/en\/wp-json\/wp\/v2\/types\/product"}],"replies":[{"embeddable":true,"href":"https:\/\/engitech.az\/en\/wp-json\/wp\/v2\/comments?post=8191"}],"wp:featuredmedia":[{"embeddable":true,"href":"https:\/\/engitech.az\/en\/wp-json\/wp\/v2\/media\/8192"}],"wp:attachment":[{"href":"https:\/\/engitech.az\/en\/wp-json\/wp\/v2\/media?parent=8191"}],"wp:term":[{"taxonomy":"product_brand","embeddable":true,"href":"https:\/\/engitech.az\/en\/wp-json\/wp\/v2\/product_brand?post=8191"},{"taxonomy":"product_cat","embeddable":true,"href":"https:\/\/engitech.az\/en\/wp-json\/wp\/v2\/product_cat?post=8191"},{"taxonomy":"product_tag","embeddable":true,"href":"https:\/\/engitech.az\/en\/wp-json\/wp\/v2\/product_tag?post=8191"}],"curies":[{"name":"wp","href":"https:\/\/api.w.org\/{rel}","templated":true}]}}