{"id":8193,"date":"2025-11-07T10:37:08","date_gmt":"2025-11-07T10:37:08","guid":{"rendered":"https:\/\/engitech.az\/?post_type=product&#038;p=8193"},"modified":"2025-11-13T11:19:39","modified_gmt":"2025-11-13T11:19:39","slug":"hpe-aw-6200f-48g-4sfp-sw","status":"publish","type":"product","link":"https:\/\/engitech.az\/en\/product\/hpe-aw-6200f-48g-4sfp-sw\/","title":{"rendered":"HPE ANW 6200F 48G 4SFP+ Sw"},"content":{"rendered":"<ul>\n<li data-start=\"60\" data-end=\"98\"><strong data-start=\"60\" data-end=\"71\">Application:<\/strong> Server network connection<\/li>\n<li data-start=\"101\" data-end=\"119\"><strong data-start=\"101\" data-end=\"110\">Port:<\/strong> 4\u00d7RJ45<\/li>\n<li data-start=\"122\" data-end=\"141\"><strong data-start=\"122\" data-end=\"132\">Speed:<\/strong> 1 Gbps<\/li>\n<li data-start=\"144\" data-end=\"191\"><strong data-start=\"144\" data-end=\"157\">Function:<\/strong> Ethernet adapter with PCIe interface<\/li>\n<\/ul>","protected":false},"excerpt":{"rendered":"<p>T\u0259tbiq: Server \u015f\u0259b\u0259k\u0259 ba\u011flant\u0131s\u0131 Port: 4\u00d7RJ45 S\u00fcr\u0259t: 1 Gbps Funksiya:  [&#8230;]<\/p>","protected":false},"featured_media":8194,"comment_status":"open","ping_status":"closed","template":"","meta":[],"product_brand":[],"product_cat":[52],"product_tag":[],"class_list":{"0":"post-8193","1":"product","2":"type-product","3":"status-publish","4":"has-post-thumbnail","6":"product_cat-hpe","7":"pa_mehsul-tipi-server-network-parts","9":"first","10":"instock","11":"sold-individually","12":"shipping-taxable","13":"purchasable","14":"product-type-simple"},"_links":{"self":[{"href":"https:\/\/engitech.az\/en\/wp-json\/wp\/v2\/product\/8193","targetHints":{"allow":["GET"]}}],"collection":[{"href":"https:\/\/engitech.az\/en\/wp-json\/wp\/v2\/product"}],"about":[{"href":"https:\/\/engitech.az\/en\/wp-json\/wp\/v2\/types\/product"}],"replies":[{"embeddable":true,"href":"https:\/\/engitech.az\/en\/wp-json\/wp\/v2\/comments?post=8193"}],"wp:featuredmedia":[{"embeddable":true,"href":"https:\/\/engitech.az\/en\/wp-json\/wp\/v2\/media\/8194"}],"wp:attachment":[{"href":"https:\/\/engitech.az\/en\/wp-json\/wp\/v2\/media?parent=8193"}],"wp:term":[{"taxonomy":"product_brand","embeddable":true,"href":"https:\/\/engitech.az\/en\/wp-json\/wp\/v2\/product_brand?post=8193"},{"taxonomy":"product_cat","embeddable":true,"href":"https:\/\/engitech.az\/en\/wp-json\/wp\/v2\/product_cat?post=8193"},{"taxonomy":"product_tag","embeddable":true,"href":"https:\/\/engitech.az\/en\/wp-json\/wp\/v2\/product_tag?post=8193"}],"curies":[{"name":"wp","href":"https:\/\/api.w.org\/{rel}","templated":true}]}}