{"id":8195,"date":"2025-11-07T10:41:48","date_gmt":"2025-11-07T10:41:48","guid":{"rendered":"https:\/\/engitech.az\/?post_type=product&#038;p=8195"},"modified":"2025-11-13T11:41:51","modified_gmt":"2025-11-13T11:41:51","slug":"hpe-blc-10g-sfp-sr-transceiver","status":"publish","type":"product","link":"https:\/\/engitech.az\/en\/product\/hpe-blc-10g-sfp-sr-transceiver\/","title":{"rendered":"HPE BLc 10G SFP+ SR Transceiver"},"content":{"rendered":"<ul>\n<li data-start=\"52\" data-end=\"91\"><strong data-start=\"52\" data-end=\"63\">Application:<\/strong> 10Gb Ethernet connection<\/li>\n<li data-start=\"94\" data-end=\"128\"><strong data-start=\"94\" data-end=\"107\">Link:<\/strong> SFP+, LC connector<\/li>\n<li data-start=\"131\" data-end=\"156\"><strong data-start=\"131\" data-end=\"142\">Distance:<\/strong> 300 m (MMF)<\/li>\n<li data-start=\"159\" data-end=\"187\"><strong data-start=\"159\" data-end=\"178\">Wavelength:<\/strong> 850 nm<\/li>\n<li data-start=\"190\" data-end=\"234\"><strong data-start=\"190\" data-end=\"203\">Usage:<\/strong> Server and network equipment<\/li>\n<\/ul>","protected":false},"excerpt":{"rendered":"<p>T\u0259tbiq: 10 Gb Ethernet ba\u011flant\u0131s\u0131 Ba\u011flant\u0131: SFP+, LC konnektor M\u0259saf\u0259:  [&#8230;]<\/p>","protected":false},"featured_media":8196,"comment_status":"open","ping_status":"closed","template":"","meta":[],"product_brand":[],"product_cat":[52],"product_tag":[],"class_list":{"0":"post-8195","1":"product","2":"type-product","3":"status-publish","4":"has-post-thumbnail","6":"product_cat-hpe","7":"pa_mehsul-tipi-server-network-parts","9":"first","10":"instock","11":"sold-individually","12":"shipping-taxable","13":"purchasable","14":"product-type-simple"},"_links":{"self":[{"href":"https:\/\/engitech.az\/en\/wp-json\/wp\/v2\/product\/8195","targetHints":{"allow":["GET"]}}],"collection":[{"href":"https:\/\/engitech.az\/en\/wp-json\/wp\/v2\/product"}],"about":[{"href":"https:\/\/engitech.az\/en\/wp-json\/wp\/v2\/types\/product"}],"replies":[{"embeddable":true,"href":"https:\/\/engitech.az\/en\/wp-json\/wp\/v2\/comments?post=8195"}],"wp:featuredmedia":[{"embeddable":true,"href":"https:\/\/engitech.az\/en\/wp-json\/wp\/v2\/media\/8196"}],"wp:attachment":[{"href":"https:\/\/engitech.az\/en\/wp-json\/wp\/v2\/media?parent=8195"}],"wp:term":[{"taxonomy":"product_brand","embeddable":true,"href":"https:\/\/engitech.az\/en\/wp-json\/wp\/v2\/product_brand?post=8195"},{"taxonomy":"product_cat","embeddable":true,"href":"https:\/\/engitech.az\/en\/wp-json\/wp\/v2\/product_cat?post=8195"},{"taxonomy":"product_tag","embeddable":true,"href":"https:\/\/engitech.az\/en\/wp-json\/wp\/v2\/product_tag?post=8195"}],"curies":[{"name":"wp","href":"https:\/\/api.w.org\/{rel}","templated":true}]}}