{"id":8199,"date":"2025-11-07T10:47:40","date_gmt":"2025-11-07T10:47:40","guid":{"rendered":"https:\/\/engitech.az\/?post_type=product&#038;p=8199"},"modified":"2025-11-13T11:20:02","modified_gmt":"2025-11-13T11:20:02","slug":"hpe-eth-10-25gb-2p-631sfp28-adptr","status":"publish","type":"product","link":"https:\/\/engitech.az\/en\/product\/hpe-eth-10-25gb-2p-631sfp28-adptr\/","title":{"rendered":"HPE Eth 10\/25Gb 2p 631SFP28 Adptr"},"content":{"rendered":"<ul>\n<li data-start=\"66\" data-end=\"104\"><strong data-start=\"66\" data-end=\"77\">Application:<\/strong> Server network connection<\/li>\n<li data-start=\"107\" data-end=\"126\"><strong data-start=\"107\" data-end=\"116\">Port:<\/strong> 2\u00d7SFP28<\/li>\n<li data-start=\"129\" data-end=\"152\"><strong data-start=\"129\" data-end=\"139\">Speed:<\/strong> 10\/25 Gbps<\/li>\n<li data-start=\"155\" data-end=\"202\"><strong data-start=\"155\" data-end=\"168\">Function:<\/strong> High-speed Ethernet adapter<\/li>\n<li data-start=\"205\" data-end=\"255\"><strong data-start=\"205\" data-end=\"218\">Usage:<\/strong> Data center and enterprise servers<\/li>\n<\/ul>","protected":false},"excerpt":{"rendered":"<p>T\u0259tbiq: Server \u015f\u0259b\u0259k\u0259 ba\u011flant\u0131s\u0131 Port: 2\u00d7SFP28 S\u00fcr\u0259t: 10\/25 Gbps Funksiya:  [&#8230;]<\/p>","protected":false},"featured_media":8200,"comment_status":"open","ping_status":"closed","template":"","meta":[],"product_brand":[],"product_cat":[52],"product_tag":[],"class_list":{"0":"post-8199","1":"product","2":"type-product","3":"status-publish","4":"has-post-thumbnail","6":"product_cat-hpe","7":"pa_mehsul-tipi-server-network-parts","9":"first","10":"instock","11":"sold-individually","12":"shipping-taxable","13":"purchasable","14":"product-type-simple"},"_links":{"self":[{"href":"https:\/\/engitech.az\/en\/wp-json\/wp\/v2\/product\/8199","targetHints":{"allow":["GET"]}}],"collection":[{"href":"https:\/\/engitech.az\/en\/wp-json\/wp\/v2\/product"}],"about":[{"href":"https:\/\/engitech.az\/en\/wp-json\/wp\/v2\/types\/product"}],"replies":[{"embeddable":true,"href":"https:\/\/engitech.az\/en\/wp-json\/wp\/v2\/comments?post=8199"}],"wp:featuredmedia":[{"embeddable":true,"href":"https:\/\/engitech.az\/en\/wp-json\/wp\/v2\/media\/8200"}],"wp:attachment":[{"href":"https:\/\/engitech.az\/en\/wp-json\/wp\/v2\/media?parent=8199"}],"wp:term":[{"taxonomy":"product_brand","embeddable":true,"href":"https:\/\/engitech.az\/en\/wp-json\/wp\/v2\/product_brand?post=8199"},{"taxonomy":"product_cat","embeddable":true,"href":"https:\/\/engitech.az\/en\/wp-json\/wp\/v2\/product_cat?post=8199"},{"taxonomy":"product_tag","embeddable":true,"href":"https:\/\/engitech.az\/en\/wp-json\/wp\/v2\/product_tag?post=8199"}],"curies":[{"name":"wp","href":"https:\/\/api.w.org\/{rel}","templated":true}]}}