{"id":8201,"date":"2025-11-07T10:50:23","date_gmt":"2025-11-07T10:50:23","guid":{"rendered":"https:\/\/engitech.az\/?post_type=product&#038;p=8201"},"modified":"2025-11-13T11:20:21","modified_gmt":"2025-11-13T11:20:21","slug":"broadcom-bcm57412-ethernet-10gb-2-port-sfp-ocp3-adapter-for-hpe","status":"publish","type":"product","link":"https:\/\/engitech.az\/en\/product\/broadcom-bcm57412-ethernet-10gb-2-port-sfp-ocp3-adapter-for-hpe\/","title":{"rendered":"Broadcom BCM57412 Ethernet 10Gb 2-port SFP+ OCP3 Adapter for HPE"},"content":{"rendered":"<ul>\n<li data-start=\"68\" data-end=\"116\"><strong data-start=\"68\" data-end=\"79\">Application:<\/strong> Network adapter for HPE servers<\/li>\n<li data-start=\"119\" data-end=\"137\"><strong data-start=\"119\" data-end=\"128\">Port:<\/strong> 2\u00d7SFP+<\/li>\n<li data-start=\"140\" data-end=\"160\"><strong data-start=\"140\" data-end=\"150\">Speed:<\/strong> 10Gbps<\/li>\n<li data-start=\"163\" data-end=\"187\"><strong data-start=\"163\" data-end=\"180\">Form factor:<\/strong> OCP3<\/li>\n<li data-start=\"190\" data-end=\"243\"><strong data-start=\"190\" data-end=\"203\">Usage:<\/strong> High-speed server network connection<\/li>\n<\/ul>","protected":false},"excerpt":{"rendered":"<p>T\u0259tbiq: HPE serverl\u0259r \u00fc\u00e7\u00fcn \u015f\u0259b\u0259k\u0259 adapteri Port: 2\u00d7SFP+ S\u00fcr\u0259t: 10  [&#8230;]<\/p>","protected":false},"featured_media":8202,"comment_status":"open","ping_status":"closed","template":"","meta":[],"product_brand":[],"product_cat":[52],"product_tag":[],"class_list":{"0":"post-8201","1":"product","2":"type-product","3":"status-publish","4":"has-post-thumbnail","6":"product_cat-hpe","7":"pa_mehsul-tipi-server-network-parts","9":"first","10":"instock","11":"sold-individually","12":"shipping-taxable","13":"purchasable","14":"product-type-simple"},"_links":{"self":[{"href":"https:\/\/engitech.az\/en\/wp-json\/wp\/v2\/product\/8201","targetHints":{"allow":["GET"]}}],"collection":[{"href":"https:\/\/engitech.az\/en\/wp-json\/wp\/v2\/product"}],"about":[{"href":"https:\/\/engitech.az\/en\/wp-json\/wp\/v2\/types\/product"}],"replies":[{"embeddable":true,"href":"https:\/\/engitech.az\/en\/wp-json\/wp\/v2\/comments?post=8201"}],"wp:featuredmedia":[{"embeddable":true,"href":"https:\/\/engitech.az\/en\/wp-json\/wp\/v2\/media\/8202"}],"wp:attachment":[{"href":"https:\/\/engitech.az\/en\/wp-json\/wp\/v2\/media?parent=8201"}],"wp:term":[{"taxonomy":"product_brand","embeddable":true,"href":"https:\/\/engitech.az\/en\/wp-json\/wp\/v2\/product_brand?post=8201"},{"taxonomy":"product_cat","embeddable":true,"href":"https:\/\/engitech.az\/en\/wp-json\/wp\/v2\/product_cat?post=8201"},{"taxonomy":"product_tag","embeddable":true,"href":"https:\/\/engitech.az\/en\/wp-json\/wp\/v2\/product_tag?post=8201"}],"curies":[{"name":"wp","href":"https:\/\/api.w.org\/{rel}","templated":true}]}}