{"id":8203,"date":"2025-11-07T10:52:25","date_gmt":"2025-11-07T10:52:25","guid":{"rendered":"https:\/\/engitech.az\/?post_type=product&#038;p=8203"},"modified":"2025-11-13T11:20:39","modified_gmt":"2025-11-13T11:20:39","slug":"int-i350-1gbe-4p-base-t-ocp3-adptr","status":"publish","type":"product","link":"https:\/\/engitech.az\/en\/product\/int-i350-1gbe-4p-base-t-ocp3-adptr\/","title":{"rendered":"INT I350 1GbE 4p BASE-T OCP3 Adptr"},"content":{"rendered":"<ul>\n<li data-start=\"63\" data-end=\"111\"><strong data-start=\"63\" data-end=\"74\">Application:<\/strong> Network adapter for HPE servers<\/li>\n<li data-start=\"114\" data-end=\"132\"><strong data-start=\"114\" data-end=\"123\">Port:<\/strong> 4\u00d7RJ45<\/li>\n<li data-start=\"135\" data-end=\"154\"><strong data-start=\"135\" data-end=\"145\">Speed:<\/strong> 1 Gbps<\/li>\n<li data-start=\"157\" data-end=\"181\"><strong data-start=\"157\" data-end=\"174\">Form factor:<\/strong> OCP3<\/li>\n<li data-start=\"184\" data-end=\"241\"><strong data-start=\"184\" data-end=\"197\">Usage:<\/strong> Reliable and stable server network connection<\/li>\n<\/ul>","protected":false},"excerpt":{"rendered":"<p>T\u0259tbiq: HPE serverl\u0259r \u00fc\u00e7\u00fcn \u015f\u0259b\u0259k\u0259 adapteri Port: 4\u00d7RJ45 S\u00fcr\u0259t: 1  [&#8230;]<\/p>","protected":false},"featured_media":8204,"comment_status":"open","ping_status":"closed","template":"","meta":[],"product_brand":[],"product_cat":[52],"product_tag":[],"class_list":{"0":"post-8203","1":"product","2":"type-product","3":"status-publish","4":"has-post-thumbnail","6":"product_cat-hpe","7":"pa_mehsul-tipi-server-network-parts","9":"first","10":"instock","11":"sold-individually","12":"shipping-taxable","13":"purchasable","14":"product-type-simple"},"_links":{"self":[{"href":"https:\/\/engitech.az\/en\/wp-json\/wp\/v2\/product\/8203","targetHints":{"allow":["GET"]}}],"collection":[{"href":"https:\/\/engitech.az\/en\/wp-json\/wp\/v2\/product"}],"about":[{"href":"https:\/\/engitech.az\/en\/wp-json\/wp\/v2\/types\/product"}],"replies":[{"embeddable":true,"href":"https:\/\/engitech.az\/en\/wp-json\/wp\/v2\/comments?post=8203"}],"wp:featuredmedia":[{"embeddable":true,"href":"https:\/\/engitech.az\/en\/wp-json\/wp\/v2\/media\/8204"}],"wp:attachment":[{"href":"https:\/\/engitech.az\/en\/wp-json\/wp\/v2\/media?parent=8203"}],"wp:term":[{"taxonomy":"product_brand","embeddable":true,"href":"https:\/\/engitech.az\/en\/wp-json\/wp\/v2\/product_brand?post=8203"},{"taxonomy":"product_cat","embeddable":true,"href":"https:\/\/engitech.az\/en\/wp-json\/wp\/v2\/product_cat?post=8203"},{"taxonomy":"product_tag","embeddable":true,"href":"https:\/\/engitech.az\/en\/wp-json\/wp\/v2\/product_tag?post=8203"}],"curies":[{"name":"wp","href":"https:\/\/api.w.org\/{rel}","templated":true}]}}