{"id":8205,"date":"2025-11-07T11:38:47","date_gmt":"2025-11-07T11:38:47","guid":{"rendered":"https:\/\/engitech.az\/?post_type=product&#038;p=8205"},"modified":"2025-11-13T11:21:10","modified_gmt":"2025-11-13T11:21:10","slug":"p08449-b21-int-i350-1gbe-4p-base-t-ocp3-adptr","status":"publish","type":"product","link":"https:\/\/engitech.az\/en\/product\/p08449-b21-int-i350-1gbe-4p-base-t-ocp3-adptr\/","title":{"rendered":"P08449-B21 INT I350 1GbE 4p BASE-T OCP3 Adptr"},"content":{"rendered":"<ul>\n<li data-start=\"63\" data-end=\"105\"><strong data-start=\"63\" data-end=\"74\">Application:<\/strong> HPE server network connection<\/li>\n<li data-start=\"108\" data-end=\"126\"><strong data-start=\"108\" data-end=\"117\">Port:<\/strong> 4\u00d7RJ45<\/li>\n<li data-start=\"129\" data-end=\"148\"><strong data-start=\"129\" data-end=\"139\">Speed:<\/strong> 1 Gbps<\/li>\n<li data-start=\"151\" data-end=\"175\"><strong data-start=\"151\" data-end=\"168\">Form factor:<\/strong> OCP3<\/li>\n<li data-start=\"178\" data-end=\"230\"><strong data-start=\"178\" data-end=\"191\">Usage:<\/strong> Reliable and stable Ethernet connection<\/li>\n<\/ul>","protected":false},"excerpt":{"rendered":"<p>T\u0259tbiq: HPE server \u015f\u0259b\u0259k\u0259 ba\u011flant\u0131s\u0131 Port: 4\u00d7RJ45 S\u00fcr\u0259t: 1 Gbps  [&#8230;]<\/p>","protected":false},"featured_media":8206,"comment_status":"open","ping_status":"closed","template":"","meta":[],"product_brand":[],"product_cat":[52],"product_tag":[],"class_list":{"0":"post-8205","1":"product","2":"type-product","3":"status-publish","4":"has-post-thumbnail","6":"product_cat-hpe","7":"pa_mehsul-tipi-server-network-parts","9":"first","10":"instock","11":"sold-individually","12":"shipping-taxable","13":"purchasable","14":"product-type-simple"},"_links":{"self":[{"href":"https:\/\/engitech.az\/en\/wp-json\/wp\/v2\/product\/8205","targetHints":{"allow":["GET"]}}],"collection":[{"href":"https:\/\/engitech.az\/en\/wp-json\/wp\/v2\/product"}],"about":[{"href":"https:\/\/engitech.az\/en\/wp-json\/wp\/v2\/types\/product"}],"replies":[{"embeddable":true,"href":"https:\/\/engitech.az\/en\/wp-json\/wp\/v2\/comments?post=8205"}],"wp:featuredmedia":[{"embeddable":true,"href":"https:\/\/engitech.az\/en\/wp-json\/wp\/v2\/media\/8206"}],"wp:attachment":[{"href":"https:\/\/engitech.az\/en\/wp-json\/wp\/v2\/media?parent=8205"}],"wp:term":[{"taxonomy":"product_brand","embeddable":true,"href":"https:\/\/engitech.az\/en\/wp-json\/wp\/v2\/product_brand?post=8205"},{"taxonomy":"product_cat","embeddable":true,"href":"https:\/\/engitech.az\/en\/wp-json\/wp\/v2\/product_cat?post=8205"},{"taxonomy":"product_tag","embeddable":true,"href":"https:\/\/engitech.az\/en\/wp-json\/wp\/v2\/product_tag?post=8205"}],"curies":[{"name":"wp","href":"https:\/\/api.w.org\/{rel}","templated":true}]}}