{"id":8207,"date":"2025-11-07T11:41:41","date_gmt":"2025-11-07T11:41:41","guid":{"rendered":"https:\/\/engitech.az\/?post_type=product&#038;p=8207"},"modified":"2025-11-13T11:21:31","modified_gmt":"2025-11-13T11:21:31","slug":"bcm-57416-10gbe-2p-base-t-adptr","status":"publish","type":"product","link":"https:\/\/engitech.az\/en\/product\/bcm-57416-10gbe-2p-base-t-adptr\/","title":{"rendered":"BCM 57416 10GbE 2p BASE-T Adptr"},"content":{"rendered":"<ul>\n<li data-start=\"66\" data-end=\"104\"><strong data-start=\"66\" data-end=\"77\">Application:<\/strong> Server network connection<\/li>\n<li data-start=\"107\" data-end=\"125\"><strong data-start=\"107\" data-end=\"116\">Port:<\/strong> 2\u00d7RJ45<\/li>\n<li data-start=\"128\" data-end=\"148\"><strong data-start=\"128\" data-end=\"138\">Speed:<\/strong> 10Gbps<\/li>\n<li data-start=\"151\" data-end=\"198\"><strong data-start=\"151\" data-end=\"164\">Function:<\/strong> High-speed Ethernet adapter<\/li>\n<li data-start=\"201\" data-end=\"251\"><strong data-start=\"201\" data-end=\"214\">Usage:<\/strong> Data center and enterprise servers<\/li>\n<\/ul>","protected":false},"excerpt":{"rendered":"<p>T\u0259tbiq: Server \u015f\u0259b\u0259k\u0259 ba\u011flant\u0131s\u0131 Port: 2\u00d7RJ45 S\u00fcr\u0259t: 10 Gbps Funksiya:  [&#8230;]<\/p>","protected":false},"featured_media":8208,"comment_status":"open","ping_status":"closed","template":"","meta":[],"product_brand":[],"product_cat":[52],"product_tag":[],"class_list":{"0":"post-8207","1":"product","2":"type-product","3":"status-publish","4":"has-post-thumbnail","6":"product_cat-hpe","7":"pa_mehsul-tipi-server-network-parts","9":"first","10":"instock","11":"sold-individually","12":"shipping-taxable","13":"purchasable","14":"product-type-simple"},"_links":{"self":[{"href":"https:\/\/engitech.az\/en\/wp-json\/wp\/v2\/product\/8207","targetHints":{"allow":["GET"]}}],"collection":[{"href":"https:\/\/engitech.az\/en\/wp-json\/wp\/v2\/product"}],"about":[{"href":"https:\/\/engitech.az\/en\/wp-json\/wp\/v2\/types\/product"}],"replies":[{"embeddable":true,"href":"https:\/\/engitech.az\/en\/wp-json\/wp\/v2\/comments?post=8207"}],"wp:featuredmedia":[{"embeddable":true,"href":"https:\/\/engitech.az\/en\/wp-json\/wp\/v2\/media\/8208"}],"wp:attachment":[{"href":"https:\/\/engitech.az\/en\/wp-json\/wp\/v2\/media?parent=8207"}],"wp:term":[{"taxonomy":"product_brand","embeddable":true,"href":"https:\/\/engitech.az\/en\/wp-json\/wp\/v2\/product_brand?post=8207"},{"taxonomy":"product_cat","embeddable":true,"href":"https:\/\/engitech.az\/en\/wp-json\/wp\/v2\/product_cat?post=8207"},{"taxonomy":"product_tag","embeddable":true,"href":"https:\/\/engitech.az\/en\/wp-json\/wp\/v2\/product_tag?post=8207"}],"curies":[{"name":"wp","href":"https:\/\/api.w.org\/{rel}","templated":true}]}}