{"id":8209,"date":"2025-11-07T11:44:22","date_gmt":"2025-11-07T11:44:22","guid":{"rendered":"https:\/\/engitech.az\/?post_type=product&#038;p=8209"},"modified":"2025-11-13T11:31:22","modified_gmt":"2025-11-13T11:31:22","slug":"int-i350-1gbe-4p-base-t-adapter","status":"publish","type":"product","link":"https:\/\/engitech.az\/en\/product\/int-i350-1gbe-4p-base-t-adapter\/","title":{"rendered":"INT I350 1GbE 4p BASE-T Adapter"},"content":{"rendered":"<ul>\n<li data-start=\"58\" data-end=\"96\"><strong data-start=\"58\" data-end=\"69\">Application:<\/strong> Server network connection<\/li>\n<li data-start=\"99\" data-end=\"117\"><strong data-start=\"99\" data-end=\"108\">Port:<\/strong> 4\u00d7RJ45<\/li>\n<li data-start=\"120\" data-end=\"139\"><strong data-start=\"120\" data-end=\"130\">Speed:<\/strong> 1 Gbps<\/li>\n<li data-start=\"142\" data-end=\"196\"><strong data-start=\"142\" data-end=\"155\">Function:<\/strong> Reliable and stable Ethernet connection<\/li>\n<li data-start=\"199\" data-end=\"249\"><strong data-start=\"199\" data-end=\"212\">Usage:<\/strong> Data center and enterprise servers<\/li>\n<\/ul>","protected":false},"excerpt":{"rendered":"<p>T\u0259tbiq: Server \u015f\u0259b\u0259k\u0259 ba\u011flant\u0131s\u0131 Port: 4\u00d7RJ45 S\u00fcr\u0259t: 1 Gbps Funksiya:  [&#8230;]<\/p>","protected":false},"featured_media":8210,"comment_status":"open","ping_status":"closed","template":"","meta":[],"product_brand":[],"product_cat":[52],"product_tag":[],"class_list":{"0":"post-8209","1":"product","2":"type-product","3":"status-publish","4":"has-post-thumbnail","6":"product_cat-hpe","7":"pa_mehsul-tipi-server-network-parts","9":"first","10":"instock","11":"sold-individually","12":"shipping-taxable","13":"purchasable","14":"product-type-simple"},"_links":{"self":[{"href":"https:\/\/engitech.az\/en\/wp-json\/wp\/v2\/product\/8209","targetHints":{"allow":["GET"]}}],"collection":[{"href":"https:\/\/engitech.az\/en\/wp-json\/wp\/v2\/product"}],"about":[{"href":"https:\/\/engitech.az\/en\/wp-json\/wp\/v2\/types\/product"}],"replies":[{"embeddable":true,"href":"https:\/\/engitech.az\/en\/wp-json\/wp\/v2\/comments?post=8209"}],"wp:featuredmedia":[{"embeddable":true,"href":"https:\/\/engitech.az\/en\/wp-json\/wp\/v2\/media\/8210"}],"wp:attachment":[{"href":"https:\/\/engitech.az\/en\/wp-json\/wp\/v2\/media?parent=8209"}],"wp:term":[{"taxonomy":"product_brand","embeddable":true,"href":"https:\/\/engitech.az\/en\/wp-json\/wp\/v2\/product_brand?post=8209"},{"taxonomy":"product_cat","embeddable":true,"href":"https:\/\/engitech.az\/en\/wp-json\/wp\/v2\/product_cat?post=8209"},{"taxonomy":"product_tag","embeddable":true,"href":"https:\/\/engitech.az\/en\/wp-json\/wp\/v2\/product_tag?post=8209"}],"curies":[{"name":"wp","href":"https:\/\/api.w.org\/{rel}","templated":true}]}}