{"id":8211,"date":"2025-11-07T12:03:49","date_gmt":"2025-11-07T12:03:49","guid":{"rendered":"https:\/\/engitech.az\/?post_type=product&#038;p=8211"},"modified":"2025-11-13T11:31:51","modified_gmt":"2025-11-13T11:31:51","slug":"marvell-ql41132hlrj-ethernet-10gb-2-port-base-t-adapter-for-hpe","status":"publish","type":"product","link":"https:\/\/engitech.az\/en\/product\/marvell-ql41132hlrj-ethernet-10gb-2-port-base-t-adapter-for-hpe\/","title":{"rendered":"Marvell QL41132HLRJ Ethernet 10Gb 2-port BASE-T Adapter for HPE"},"content":{"rendered":"<ul>\n<li data-start=\"75\" data-end=\"117\"><strong data-start=\"75\" data-end=\"86\">Application:<\/strong> HPE server network connection<\/li>\n<li data-start=\"120\" data-end=\"138\"><strong data-start=\"120\" data-end=\"129\">Port:<\/strong> 2\u00d7RJ45<\/li>\n<li data-start=\"141\" data-end=\"161\"><strong data-start=\"141\" data-end=\"151\">Speed:<\/strong> 10Gbps<\/li>\n<li data-start=\"164\" data-end=\"211\"><strong data-start=\"164\" data-end=\"177\">Function:<\/strong> High-speed Ethernet adapter<\/li>\n<li data-start=\"214\" data-end=\"264\"><strong data-start=\"214\" data-end=\"227\">Usage:<\/strong> Data center and enterprise servers<\/li>\n<\/ul>","protected":false},"excerpt":{"rendered":"<p>T\u0259tbiq: HPE server \u015f\u0259b\u0259k\u0259 ba\u011flant\u0131s\u0131 Port: 2\u00d7RJ45 S\u00fcr\u0259t: 10 Gbps  [&#8230;]<\/p>","protected":false},"featured_media":8212,"comment_status":"open","ping_status":"closed","template":"","meta":[],"product_brand":[],"product_cat":[52],"product_tag":[],"class_list":{"0":"post-8211","1":"product","2":"type-product","3":"status-publish","4":"has-post-thumbnail","6":"product_cat-hpe","7":"pa_mehsul-tipi-server-network-parts","9":"first","10":"instock","11":"sold-individually","12":"shipping-taxable","13":"purchasable","14":"product-type-simple"},"_links":{"self":[{"href":"https:\/\/engitech.az\/en\/wp-json\/wp\/v2\/product\/8211","targetHints":{"allow":["GET"]}}],"collection":[{"href":"https:\/\/engitech.az\/en\/wp-json\/wp\/v2\/product"}],"about":[{"href":"https:\/\/engitech.az\/en\/wp-json\/wp\/v2\/types\/product"}],"replies":[{"embeddable":true,"href":"https:\/\/engitech.az\/en\/wp-json\/wp\/v2\/comments?post=8211"}],"wp:featuredmedia":[{"embeddable":true,"href":"https:\/\/engitech.az\/en\/wp-json\/wp\/v2\/media\/8212"}],"wp:attachment":[{"href":"https:\/\/engitech.az\/en\/wp-json\/wp\/v2\/media?parent=8211"}],"wp:term":[{"taxonomy":"product_brand","embeddable":true,"href":"https:\/\/engitech.az\/en\/wp-json\/wp\/v2\/product_brand?post=8211"},{"taxonomy":"product_cat","embeddable":true,"href":"https:\/\/engitech.az\/en\/wp-json\/wp\/v2\/product_cat?post=8211"},{"taxonomy":"product_tag","embeddable":true,"href":"https:\/\/engitech.az\/en\/wp-json\/wp\/v2\/product_tag?post=8211"}],"curies":[{"name":"wp","href":"https:\/\/api.w.org\/{rel}","templated":true}]}}