{"id":8214,"date":"2025-11-07T12:11:04","date_gmt":"2025-11-07T12:11:04","guid":{"rendered":"https:\/\/engitech.az\/?post_type=product&#038;p=8214"},"modified":"2025-11-13T11:49:17","modified_gmt":"2025-11-13T11:49:17","slug":"p36933-b21-int-xeon-g-6334-cpu-for-hpe","status":"publish","type":"product","link":"https:\/\/engitech.az\/en\/product\/p36933-b21-int-xeon-g-6334-cpu-for-hpe\/","title":{"rendered":"P36933-B21 INT Xeon-G 6334 CPU for HPE"},"content":{"rendered":"<ul>\n<li data-start=\"50\" data-end=\"92\"><strong data-start=\"50\" data-end=\"61\">Application:<\/strong> Processor for HPE servers<\/li>\n<li data-start=\"95\" data-end=\"123\"><strong data-start=\"95\" data-end=\"103\">Type:<\/strong> Intel Xeon-G 6334<\/li>\n<li data-start=\"126\" data-end=\"171\"><strong data-start=\"126\" data-end=\"139\">Function:<\/strong> High-performance computing<\/li>\n<li data-start=\"174\" data-end=\"241\"><strong data-start=\"174\" data-end=\"187\">Usage:<\/strong> Data center, virtualization and enterprise applications<\/li>\n<\/ul>","protected":false},"excerpt":{"rendered":"<p>T\u0259tbiq: HPE serverl\u0259r \u00fc\u00e7\u00fcn prosessor Tip: Intel Xeon-G 6334 Funksiya:  [&#8230;]<\/p>","protected":false},"featured_media":8215,"comment_status":"open","ping_status":"closed","template":"","meta":[],"product_brand":[],"product_cat":[52],"product_tag":[],"class_list":{"0":"post-8214","1":"product","2":"type-product","3":"status-publish","4":"has-post-thumbnail","6":"product_cat-hpe","7":"pa_mehsul-tipi-server-network-parts","9":"first","10":"instock","11":"sold-individually","12":"shipping-taxable","13":"purchasable","14":"product-type-simple"},"_links":{"self":[{"href":"https:\/\/engitech.az\/en\/wp-json\/wp\/v2\/product\/8214","targetHints":{"allow":["GET"]}}],"collection":[{"href":"https:\/\/engitech.az\/en\/wp-json\/wp\/v2\/product"}],"about":[{"href":"https:\/\/engitech.az\/en\/wp-json\/wp\/v2\/types\/product"}],"replies":[{"embeddable":true,"href":"https:\/\/engitech.az\/en\/wp-json\/wp\/v2\/comments?post=8214"}],"wp:featuredmedia":[{"embeddable":true,"href":"https:\/\/engitech.az\/en\/wp-json\/wp\/v2\/media\/8215"}],"wp:attachment":[{"href":"https:\/\/engitech.az\/en\/wp-json\/wp\/v2\/media?parent=8214"}],"wp:term":[{"taxonomy":"product_brand","embeddable":true,"href":"https:\/\/engitech.az\/en\/wp-json\/wp\/v2\/product_brand?post=8214"},{"taxonomy":"product_cat","embeddable":true,"href":"https:\/\/engitech.az\/en\/wp-json\/wp\/v2\/product_cat?post=8214"},{"taxonomy":"product_tag","embeddable":true,"href":"https:\/\/engitech.az\/en\/wp-json\/wp\/v2\/product_tag?post=8214"}],"curies":[{"name":"wp","href":"https:\/\/api.w.org\/{rel}","templated":true}]}}