{"id":8252,"date":"2025-11-13T08:08:18","date_gmt":"2025-11-13T08:08:18","guid":{"rendered":"https:\/\/engitech.az\/?post_type=product&#038;p=8252"},"modified":"2025-11-13T10:40:32","modified_gmt":"2025-11-13T10:40:32","slug":"hpe-msa-2060-16gb-fc-lff-storage","status":"publish","type":"product","link":"https:\/\/engitech.az\/en\/product\/hpe-msa-2060-16gb-fc-lff-storage\/","title":{"rendered":"HPE MSA 2060 16Gb FC LFF Storage"},"content":{"rendered":"<ul>\n<li data-start=\"53\" data-end=\"87\"><strong data-start=\"53\" data-end=\"63\">Capacity:<\/strong> Configuration dependent<\/li>\n<li data-start=\"90\" data-end=\"127\"><strong data-start=\"90\" data-end=\"103\">Link:<\/strong> 16 Gb\/s Fibre Channel<\/li>\n<li data-start=\"130\" data-end=\"156\"><strong data-start=\"130\" data-end=\"140\">Speed:<\/strong> Disk dependent<\/li>\n<li data-start=\"159\" data-end=\"191\"><strong data-start=\"159\" data-end=\"176\">Form factor:<\/strong> 2U, 3.5\u2033 LFF<\/li>\n<li data-start=\"194\" data-end=\"258\"><strong data-start=\"194\" data-end=\"205\">Application:<\/strong> SAN storage system for small and medium businesses<\/li>\n<\/ul>","protected":false},"excerpt":{"rendered":"<p>Tutum: Konfiqurasiyaya ba\u011fl\u0131 Ba\u011flant\u0131: 16\u202fGb\/s Fibre Channel S\u00fcr\u0259t: Diskd\u0259n as\u0131l\u0131  [&#8230;]<\/p>","protected":false},"featured_media":8253,"comment_status":"open","ping_status":"closed","template":"","meta":[],"product_brand":[],"product_cat":[52],"product_tag":[],"class_list":{"0":"post-8252","1":"product","2":"type-product","3":"status-publish","4":"has-post-thumbnail","6":"product_cat-hpe","7":"pa_mehsul-tipi-msa-storage","9":"first","10":"instock","11":"sold-individually","12":"shipping-taxable","13":"purchasable","14":"product-type-simple"},"_links":{"self":[{"href":"https:\/\/engitech.az\/en\/wp-json\/wp\/v2\/product\/8252","targetHints":{"allow":["GET"]}}],"collection":[{"href":"https:\/\/engitech.az\/en\/wp-json\/wp\/v2\/product"}],"about":[{"href":"https:\/\/engitech.az\/en\/wp-json\/wp\/v2\/types\/product"}],"replies":[{"embeddable":true,"href":"https:\/\/engitech.az\/en\/wp-json\/wp\/v2\/comments?post=8252"}],"wp:featuredmedia":[{"embeddable":true,"href":"https:\/\/engitech.az\/en\/wp-json\/wp\/v2\/media\/8253"}],"wp:attachment":[{"href":"https:\/\/engitech.az\/en\/wp-json\/wp\/v2\/media?parent=8252"}],"wp:term":[{"taxonomy":"product_brand","embeddable":true,"href":"https:\/\/engitech.az\/en\/wp-json\/wp\/v2\/product_brand?post=8252"},{"taxonomy":"product_cat","embeddable":true,"href":"https:\/\/engitech.az\/en\/wp-json\/wp\/v2\/product_cat?post=8252"},{"taxonomy":"product_tag","embeddable":true,"href":"https:\/\/engitech.az\/en\/wp-json\/wp\/v2\/product_tag?post=8252"}],"curies":[{"name":"wp","href":"https:\/\/api.w.org\/{rel}","templated":true}]}}