{"id":8423,"date":"2025-11-18T06:48:56","date_gmt":"2025-11-18T06:48:56","guid":{"rendered":"https:\/\/engitech.az\/?post_type=product&#038;p=8423"},"modified":"2025-11-18T08:07:48","modified_gmt":"2025-11-18T08:07:48","slug":"lenovo-15-6-inch-laptop-casual-backpack-b210-black","status":"publish","type":"product","link":"https:\/\/engitech.az\/en\/product\/lenovo-15-6-inch-laptop-casual-backpack-b210-black\/","title":{"rendered":"Lenovo 15.6-inch Laptop Casual Backpack B210 Black"},"content":{"rendered":"<ul>\n<li><strong data-start=\"53\" data-end=\"68\">Suitable size:<\/strong> 15.6\u2033 laptop<\/li>\n<li><strong data-start=\"84\" data-end=\"103\">Weight \/ Dimensions:<\/strong> 453g, 340\u00d7150\u00d7455mm<\/li>\n<li><strong data-start=\"128\" data-end=\"141\">Material:<\/strong> Polyester, waterproof<\/li>\n<li><strong data-start=\"168\" data-end=\"186\">Features:<\/strong> Padded laptop compartment, additional pockets, comfortable back panel<\/li>\n<li><strong data-start=\"246\" data-end=\"255\">Color:<\/strong> Black<\/li>\n<li><strong data-start=\"263\" data-end=\"276\">Compatibility:<\/strong> Work, school, daily use<\/li>\n<\/ul>","protected":false},"excerpt":{"rendered":"<p>Uy\u011fun \u00f6l\u00e7\u00fc: 15.6&#8243; laptop \u00c7\u0259ki \/ \u00d6l\u00e7\u00fcl\u0259r: 453\u202fg, 340\u00d7150\u00d7455\u202fmm Material:  [&#8230;]<\/p>","protected":false},"featured_media":8424,"comment_status":"open","ping_status":"closed","template":"","meta":[],"product_brand":[],"product_cat":[49],"product_tag":[],"class_list":{"0":"post-8423","1":"product","2":"type-product","3":"status-publish","4":"has-post-thumbnail","6":"product_cat-lenovo","7":"pa_mehsul-tipi-lenovo-aksesuarlar","9":"first","10":"instock","11":"sold-individually","12":"shipping-taxable","13":"purchasable","14":"product-type-simple"},"_links":{"self":[{"href":"https:\/\/engitech.az\/en\/wp-json\/wp\/v2\/product\/8423","targetHints":{"allow":["GET"]}}],"collection":[{"href":"https:\/\/engitech.az\/en\/wp-json\/wp\/v2\/product"}],"about":[{"href":"https:\/\/engitech.az\/en\/wp-json\/wp\/v2\/types\/product"}],"replies":[{"embeddable":true,"href":"https:\/\/engitech.az\/en\/wp-json\/wp\/v2\/comments?post=8423"}],"wp:featuredmedia":[{"embeddable":true,"href":"https:\/\/engitech.az\/en\/wp-json\/wp\/v2\/media\/8424"}],"wp:attachment":[{"href":"https:\/\/engitech.az\/en\/wp-json\/wp\/v2\/media?parent=8423"}],"wp:term":[{"taxonomy":"product_brand","embeddable":true,"href":"https:\/\/engitech.az\/en\/wp-json\/wp\/v2\/product_brand?post=8423"},{"taxonomy":"product_cat","embeddable":true,"href":"https:\/\/engitech.az\/en\/wp-json\/wp\/v2\/product_cat?post=8423"},{"taxonomy":"product_tag","embeddable":true,"href":"https:\/\/engitech.az\/en\/wp-json\/wp\/v2\/product_tag?post=8423"}],"curies":[{"name":"wp","href":"https:\/\/api.w.org\/{rel}","templated":true}]}}