{"id":8425,"date":"2025-11-18T06:51:18","date_gmt":"2025-11-18T06:51:18","guid":{"rendered":"https:\/\/engitech.az\/?post_type=product&#038;p=8425"},"modified":"2025-11-18T08:08:11","modified_gmt":"2025-11-18T08:08:11","slug":"thinkpad-x12-tablet-protective-case","status":"publish","type":"product","link":"https:\/\/engitech.az\/en\/product\/thinkpad-x12-tablet-protective-case\/","title":{"rendered":"ThinkPad X12 Tablet Protective Case"},"content":{"rendered":"<article class=\"text-token-text-primary w-full focus:outline-none [--shadow-height:45px] has-data-writing-block:pointer-events-none has-data-writing-block:-mt-(--shadow-height) has-data-writing-block:pt-(--shadow-height) [&amp;:has([data-writing-block])&gt;*]:pointer-events-auto [content-visibility:auto] supports-[content-visibility:auto]:[contain-intrinsic-size:auto_100lvh] scroll-mt-[calc(var(--header-height)+min(200px,max(70px,20svh)))]\" dir=\"auto\" tabindex=\"-1\" data-turn-id=\"request-WEB:97b62be8-7498-48dd-ad39-ca2066cfd623-42\" data-testid=\"conversation-turn-86\" data-scroll-anchor=\"true\" data-turn=\"assistant\">\n<div class=\"text-base my-auto mx-auto pb-10 [--thread-content-margin:--spacing(4)] thread-sm:[--thread-content-margin:--spacing(6)] thread-lg:[--thread-content-margin:--spacing(16)] px-(--thread-content-margin)\">\n<div class=\"[--thread-content-max-width:40rem] thread-lg:[--thread-content-max-width:48rem] mx-auto max-w-(--thread-content-max-width) flex-1 group\/turn-messages focus-visible:outline-hidden relative flex w-full min-w-0 flex-col agent-turn\" tabindex=\"-1\">\n<div class=\"flex max-w-full flex-col grow\">\n<div class=\"min-h-8 text-message relative flex w-full flex-col items-end gap-2 text-start break-words whitespace-normal [.text-message+&amp;]:mt-1\" dir=\"auto\" data-message-author-role=\"assistant\" data-message-id=\"d7a76a41-efec-4168-9508-3153ab64d493\" data-message-model-slug=\"gpt-5-mini\">\n<div class=\"flex w-full flex-col gap-1 empty:hidden first:pt-[1px]\">\n<div class=\"markdown prose dark:prose-invert w-full break-words light markdown-new-styling\">\n<ul>\n<li data-start=\"0\" data-end=\"374\"><strong data-start=\"55\" data-end=\"70\">Suitable size:<\/strong> 12.3\u2033 ThinkPad X12 Detachable<\/li>\n<li data-start=\"0\" data-end=\"374\"><strong data-start=\"103\" data-end=\"122\">Weight \/ Dimensions:<\/strong> 175g, 298\u00d7219\u00d720mm<\/li>\n<li data-start=\"0\" data-end=\"374\"><strong data-start=\"146\" data-end=\"159\">Material:<\/strong> Polycarbonate + TPU + silicone<\/li>\n<li data-start=\"0\" data-end=\"374\"><strong data-start=\"191\" data-end=\"209\">Features:<\/strong> Protects against shocks and scratches, silicone grip, stylus clip, keyboard attachment compatible<\/li>\n<li data-start=\"0\" data-end=\"374\"><strong data-start=\"308\" data-end=\"317\">Color:<\/strong> Black<\/li>\n<li data-start=\"0\" data-end=\"374\"><strong data-start=\"325\" data-end=\"338\">Compatibility:<\/strong> For ThinkPad X12 Detachable tablet<\/li>\n<\/ul>\n<\/div>\n<\/div>\n<\/div>\n<\/div>\n<div class=\"z-0 flex min-h-[46px] justify-start\"><\/div>\n<\/div>\n<\/div>\n<\/article>\n<div class=\"pointer-events-none h-px w-px\" aria-hidden=\"true\" data-edge=\"true\"><\/div>","protected":false},"excerpt":{"rendered":"<p>Uy\u011fun \u00f6l\u00e7\u00fc: 12.3&#8243; ThinkPad X12 Detachable \u00c7\u0259ki \/ \u00d6l\u00e7\u00fcl\u0259r: 175\u202fg,  [&#8230;]<\/p>","protected":false},"featured_media":8426,"comment_status":"open","ping_status":"closed","template":"","meta":[],"product_brand":[],"product_cat":[49],"product_tag":[],"class_list":{"0":"post-8425","1":"product","2":"type-product","3":"status-publish","4":"has-post-thumbnail","6":"product_cat-lenovo","7":"pa_mehsul-tipi-lenovo-aksesuarlar","9":"first","10":"instock","11":"sold-individually","12":"shipping-taxable","13":"purchasable","14":"product-type-simple"},"_links":{"self":[{"href":"https:\/\/engitech.az\/en\/wp-json\/wp\/v2\/product\/8425","targetHints":{"allow":["GET"]}}],"collection":[{"href":"https:\/\/engitech.az\/en\/wp-json\/wp\/v2\/product"}],"about":[{"href":"https:\/\/engitech.az\/en\/wp-json\/wp\/v2\/types\/product"}],"replies":[{"embeddable":true,"href":"https:\/\/engitech.az\/en\/wp-json\/wp\/v2\/comments?post=8425"}],"wp:featuredmedia":[{"embeddable":true,"href":"https:\/\/engitech.az\/en\/wp-json\/wp\/v2\/media\/8426"}],"wp:attachment":[{"href":"https:\/\/engitech.az\/en\/wp-json\/wp\/v2\/media?parent=8425"}],"wp:term":[{"taxonomy":"product_brand","embeddable":true,"href":"https:\/\/engitech.az\/en\/wp-json\/wp\/v2\/product_brand?post=8425"},{"taxonomy":"product_cat","embeddable":true,"href":"https:\/\/engitech.az\/en\/wp-json\/wp\/v2\/product_cat?post=8425"},{"taxonomy":"product_tag","embeddable":true,"href":"https:\/\/engitech.az\/en\/wp-json\/wp\/v2\/product_tag?post=8425"}],"curies":[{"name":"wp","href":"https:\/\/api.w.org\/{rel}","templated":true}]}}