{"id":8429,"date":"2025-11-18T06:55:45","date_gmt":"2025-11-18T06:55:45","guid":{"rendered":"https:\/\/engitech.az\/?post_type=product&#038;p=8429"},"modified":"2025-11-18T08:08:51","modified_gmt":"2025-11-18T08:08:51","slug":"thinkpad-bluetooth-silent-mouse","status":"publish","type":"product","link":"https:\/\/engitech.az\/en\/product\/thinkpad-bluetooth-silent-mouse\/","title":{"rendered":"ThinkPad Bluetooth Silent Mouse"},"content":{"rendered":"<ul>\n<li><strong data-start=\"51\" data-end=\"64\">Link:<\/strong> Bluetooth 5.0, 2-device connection<\/li>\n<li><strong data-start=\"100\" data-end=\"117\">Sensor\/DPI:<\/strong> Blue optical sensor, 800 \/ 1600 \/ 2400 DPI<\/li>\n<li><strong data-start=\"161\" data-end=\"174\">Battery:<\/strong> 1\u00d7AA, approximately 12 months of life<\/li>\n<li><strong data-start=\"205\" data-end=\"216\">Keys:<\/strong> 3 buttons + DPI switching<\/li>\n<li><strong data-start=\"244\" data-end=\"252\">Sound:<\/strong> Silent click<\/li>\n<li><strong data-start=\"277\" data-end=\"293\">Weight \/ Size:<\/strong> ~61g, 58\u00d7106\u00d727mm<\/li>\n<li><strong data-start=\"316\" data-end=\"334\">Features:<\/strong> Microsoft Swift Pair, fast DPI switching, switching between devices<\/li>\n<li><strong data-start=\"400\" data-end=\"409\">Color:<\/strong> Black<\/li>\n<li><strong data-start=\"417\" data-end=\"430\">Compatibility:<\/strong> Windows, Chrome and other compatible operating systems<\/li>\n<\/ul>","protected":false},"excerpt":{"rendered":"<p>Ba\u011flant\u0131: Bluetooth 5.0, 2 cihazl\u0131 qo\u015fulma Sensor \/ DPI: Blue  [&#8230;]<\/p>","protected":false},"featured_media":8430,"comment_status":"open","ping_status":"closed","template":"","meta":[],"product_brand":[],"product_cat":[49],"product_tag":[],"class_list":{"0":"post-8429","1":"product","2":"type-product","3":"status-publish","4":"has-post-thumbnail","6":"product_cat-lenovo","7":"pa_mehsul-tipi-lenovo-aksesuarlar","9":"first","10":"instock","11":"sold-individually","12":"shipping-taxable","13":"purchasable","14":"product-type-simple"},"_links":{"self":[{"href":"https:\/\/engitech.az\/en\/wp-json\/wp\/v2\/product\/8429","targetHints":{"allow":["GET"]}}],"collection":[{"href":"https:\/\/engitech.az\/en\/wp-json\/wp\/v2\/product"}],"about":[{"href":"https:\/\/engitech.az\/en\/wp-json\/wp\/v2\/types\/product"}],"replies":[{"embeddable":true,"href":"https:\/\/engitech.az\/en\/wp-json\/wp\/v2\/comments?post=8429"}],"wp:featuredmedia":[{"embeddable":true,"href":"https:\/\/engitech.az\/en\/wp-json\/wp\/v2\/media\/8430"}],"wp:attachment":[{"href":"https:\/\/engitech.az\/en\/wp-json\/wp\/v2\/media?parent=8429"}],"wp:term":[{"taxonomy":"product_brand","embeddable":true,"href":"https:\/\/engitech.az\/en\/wp-json\/wp\/v2\/product_brand?post=8429"},{"taxonomy":"product_cat","embeddable":true,"href":"https:\/\/engitech.az\/en\/wp-json\/wp\/v2\/product_cat?post=8429"},{"taxonomy":"product_tag","embeddable":true,"href":"https:\/\/engitech.az\/en\/wp-json\/wp\/v2\/product_tag?post=8429"}],"curies":[{"name":"wp","href":"https:\/\/api.w.org\/{rel}","templated":true}]}}