{"id":8510,"date":"2025-11-19T11:00:37","date_gmt":"2025-11-19T11:00:37","guid":{"rendered":"https:\/\/engitech.az\/?post_type=product&#038;p=8510"},"modified":"2025-11-21T06:35:42","modified_gmt":"2025-11-21T06:35:42","slug":"ts-432pxu-rp-2g","status":"publish","type":"product","link":"https:\/\/engitech.az\/en\/product\/ts-432pxu-rp-2g\/","title":{"rendered":"TS-432PXU-RP-2G"},"content":{"rendered":"<ul>\n<li data-start=\"45\" data-end=\"78\"><strong data-start=\"45\" data-end=\"53\">CPU:<\/strong> AL324, 4 cores, 1.7 GHz<\/li>\n<li data-start=\"81\" data-end=\"128\"><strong data-start=\"81\" data-end=\"89\">RAM:<\/strong> 2 GB DDR4 UDIMM (1 slot, max 16 GB)<\/li>\n<li data-start=\"131\" data-end=\"182\"><strong data-start=\"131\" data-end=\"142\">Network:<\/strong> 2 \u00d7 10 GbE SFP+, 2 \u00d7 2.5 GbE, 1 \u00d7 GbE<\/li>\n<li data-start=\"185\" data-end=\"207\"><strong data-start=\"185\" data-end=\"193\">USB:<\/strong> 4 \u00d7 USB 3.0<\/li>\n<li data-start=\"210\" data-end=\"246\"><strong data-start=\"210\" data-end=\"228\">Disk Slots:<\/strong> 4 \u00d7 SATA 6Gb\/s<\/li>\n<li data-start=\"249\" data-end=\"285\"><strong data-start=\"249\" data-end=\"257\">Power:<\/strong> 2 \u00d7 250 W PSUs (redundant)<\/li>\n<li data-start=\"288\" data-end=\"326\"><strong data-start=\"288\" data-end=\"296\">Type:<\/strong> 1U 4-bay Rack NAS, EU Edition<\/li>\n<\/ul>","protected":false},"excerpt":{"rendered":"<p>CPU: AL324, 4 n\u00fcv\u0259, 1.7\u202fGHz RAM: 2\u202fGB DDR4 UDIMM (1  [&#8230;]<\/p>","protected":false},"featured_media":8511,"comment_status":"open","ping_status":"closed","template":"","meta":[],"product_brand":[],"product_cat":[68],"product_tag":[],"class_list":{"0":"post-8510","1":"product","2":"type-product","3":"status-publish","4":"has-post-thumbnail","6":"product_cat-qnap","7":"pa_mehsul-tipi-nas-storage-rackmount","9":"first","10":"instock","11":"sold-individually","12":"shipping-taxable","13":"purchasable","14":"product-type-simple"},"_links":{"self":[{"href":"https:\/\/engitech.az\/en\/wp-json\/wp\/v2\/product\/8510","targetHints":{"allow":["GET"]}}],"collection":[{"href":"https:\/\/engitech.az\/en\/wp-json\/wp\/v2\/product"}],"about":[{"href":"https:\/\/engitech.az\/en\/wp-json\/wp\/v2\/types\/product"}],"replies":[{"embeddable":true,"href":"https:\/\/engitech.az\/en\/wp-json\/wp\/v2\/comments?post=8510"}],"wp:featuredmedia":[{"embeddable":true,"href":"https:\/\/engitech.az\/en\/wp-json\/wp\/v2\/media\/8511"}],"wp:attachment":[{"href":"https:\/\/engitech.az\/en\/wp-json\/wp\/v2\/media?parent=8510"}],"wp:term":[{"taxonomy":"product_brand","embeddable":true,"href":"https:\/\/engitech.az\/en\/wp-json\/wp\/v2\/product_brand?post=8510"},{"taxonomy":"product_cat","embeddable":true,"href":"https:\/\/engitech.az\/en\/wp-json\/wp\/v2\/product_cat?post=8510"},{"taxonomy":"product_tag","embeddable":true,"href":"https:\/\/engitech.az\/en\/wp-json\/wp\/v2\/product_tag?post=8510"}],"curies":[{"name":"wp","href":"https:\/\/api.w.org\/{rel}","templated":true}]}}