{"id":8512,"date":"2025-11-19T11:03:05","date_gmt":"2025-11-19T11:03:05","guid":{"rendered":"https:\/\/engitech.az\/?post_type=product&#038;p=8512"},"modified":"2025-11-21T06:36:01","modified_gmt":"2025-11-21T06:36:01","slug":"ts-1232pxu-rp-4g","status":"publish","type":"product","link":"https:\/\/engitech.az\/en\/product\/ts-1232pxu-rp-4g\/","title":{"rendered":"TS-1232PXU-RP-4G"},"content":{"rendered":"<ul>\n<li data-start=\"46\" data-end=\"79\"><strong data-start=\"46\" data-end=\"54\">CPU:<\/strong> AL324, 4 cores, 1.7 GHz<\/li>\n<li data-start=\"82\" data-end=\"129\"><strong data-start=\"82\" data-end=\"90\">RAM:<\/strong> 4 GB DDR4 UDIMM (1 slot, max 16 GB)<\/li>\n<li data-start=\"132\" data-end=\"183\"><strong data-start=\"132\" data-end=\"143\">Network:<\/strong> 2 \u00d7 10 GbE SFP+, 2 \u00d7 2.5 GbE, 1 \u00d7 GbE<\/li>\n<li data-start=\"186\" data-end=\"208\"><strong data-start=\"186\" data-end=\"194\">USB:<\/strong> 4 \u00d7 USB 3.0<\/li>\n<li data-start=\"211\" data-end=\"248\"><strong data-start=\"211\" data-end=\"229\">Disk Slots:<\/strong> 12 \u00d7 SATA 6Gb\/s<\/li>\n<li data-start=\"251\" data-end=\"287\"><strong data-start=\"251\" data-end=\"259\">Power:<\/strong> 2 \u00d7 250 W PSUs (redundant)<\/li>\n<li data-start=\"290\" data-end=\"317\"><strong data-start=\"290\" data-end=\"298\">Type:<\/strong> 2U 12-bay Rack NAS<\/li>\n<\/ul>","protected":false},"excerpt":{"rendered":"<p>CPU: AL324, 4 n\u00fcv\u0259, 1.7\u202fGHz RAM: 4\u202fGB DDR4 UDIMM (1  [&#8230;]<\/p>","protected":false},"featured_media":8513,"comment_status":"open","ping_status":"closed","template":"","meta":[],"product_brand":[],"product_cat":[68],"product_tag":[],"class_list":{"0":"post-8512","1":"product","2":"type-product","3":"status-publish","4":"has-post-thumbnail","6":"product_cat-qnap","7":"pa_mehsul-tipi-nas-storage-rackmount","9":"first","10":"instock","11":"sold-individually","12":"shipping-taxable","13":"purchasable","14":"product-type-simple"},"_links":{"self":[{"href":"https:\/\/engitech.az\/en\/wp-json\/wp\/v2\/product\/8512","targetHints":{"allow":["GET"]}}],"collection":[{"href":"https:\/\/engitech.az\/en\/wp-json\/wp\/v2\/product"}],"about":[{"href":"https:\/\/engitech.az\/en\/wp-json\/wp\/v2\/types\/product"}],"replies":[{"embeddable":true,"href":"https:\/\/engitech.az\/en\/wp-json\/wp\/v2\/comments?post=8512"}],"wp:featuredmedia":[{"embeddable":true,"href":"https:\/\/engitech.az\/en\/wp-json\/wp\/v2\/media\/8513"}],"wp:attachment":[{"href":"https:\/\/engitech.az\/en\/wp-json\/wp\/v2\/media?parent=8512"}],"wp:term":[{"taxonomy":"product_brand","embeddable":true,"href":"https:\/\/engitech.az\/en\/wp-json\/wp\/v2\/product_brand?post=8512"},{"taxonomy":"product_cat","embeddable":true,"href":"https:\/\/engitech.az\/en\/wp-json\/wp\/v2\/product_cat?post=8512"},{"taxonomy":"product_tag","embeddable":true,"href":"https:\/\/engitech.az\/en\/wp-json\/wp\/v2\/product_tag?post=8512"}],"curies":[{"name":"wp","href":"https:\/\/api.w.org\/{rel}","templated":true}]}}