{"id":8526,"date":"2025-11-19T11:36:36","date_gmt":"2025-11-19T11:36:36","guid":{"rendered":"https:\/\/engitech.az\/?post_type=product&#038;p=8526"},"modified":"2025-11-21T06:55:23","modified_gmt":"2025-11-21T06:55:23","slug":"ts-h2483xu-rp-e2236-128g","status":"publish","type":"product","link":"https:\/\/engitech.az\/en\/product\/ts-h2483xu-rp-e2236-128g\/","title":{"rendered":"TS-h2483XU-RP-E2236-128G"},"content":{"rendered":"<ul>\n<li data-start=\"54\" data-end=\"82\"><strong data-start=\"54\" data-end=\"62\">CPU:<\/strong> Intel Xeon E-2236<\/li>\n<li data-start=\"85\" data-end=\"102\"><strong data-start=\"85\" data-end=\"93\">RAM:<\/strong> 128GB<\/li>\n<li data-start=\"105\" data-end=\"153\"><strong data-start=\"105\" data-end=\"123\">Disk Slots:<\/strong> 24 \u00d7 3.5\u2033\/2.5\u2033 SATA HDD\/SSD<\/li>\n<li data-start=\"156\" data-end=\"210\"><strong data-start=\"156\" data-end=\"167\">Network:<\/strong> 2 \u00d7 10GbE SFP+, 2 \u00d7 10GBase-T, 4 \u00d7 1 GbE<\/li>\n<li data-start=\"213\" data-end=\"250\"><strong data-start=\"213\" data-end=\"222\">PCIe:<\/strong> 4 \u00d7 800 (PCIe expansion)<\/li>\n<li data-start=\"253\" data-end=\"313\"><strong data-start=\"253\" data-end=\"261\">Type:<\/strong> 4U 24-bay QuTS hero Rack NAS, redundant PSU support<\/li>\n<\/ul>","protected":false},"excerpt":{"rendered":"<p>CPU: Intel Xeon E-2236 RAM: 128\u202fGB Disk Yuvalar\u0131: 24 \u00d7  [&#8230;]<\/p>","protected":false},"featured_media":8527,"comment_status":"open","ping_status":"closed","template":"","meta":[],"product_brand":[],"product_cat":[68],"product_tag":[],"class_list":{"0":"post-8526","1":"product","2":"type-product","3":"status-publish","4":"has-post-thumbnail","6":"product_cat-qnap","7":"pa_mehsul-tipi-nas-storage-rackmount","9":"first","10":"instock","11":"sold-individually","12":"shipping-taxable","13":"purchasable","14":"product-type-simple"},"_links":{"self":[{"href":"https:\/\/engitech.az\/en\/wp-json\/wp\/v2\/product\/8526","targetHints":{"allow":["GET"]}}],"collection":[{"href":"https:\/\/engitech.az\/en\/wp-json\/wp\/v2\/product"}],"about":[{"href":"https:\/\/engitech.az\/en\/wp-json\/wp\/v2\/types\/product"}],"replies":[{"embeddable":true,"href":"https:\/\/engitech.az\/en\/wp-json\/wp\/v2\/comments?post=8526"}],"wp:featuredmedia":[{"embeddable":true,"href":"https:\/\/engitech.az\/en\/wp-json\/wp\/v2\/media\/8527"}],"wp:attachment":[{"href":"https:\/\/engitech.az\/en\/wp-json\/wp\/v2\/media?parent=8526"}],"wp:term":[{"taxonomy":"product_brand","embeddable":true,"href":"https:\/\/engitech.az\/en\/wp-json\/wp\/v2\/product_brand?post=8526"},{"taxonomy":"product_cat","embeddable":true,"href":"https:\/\/engitech.az\/en\/wp-json\/wp\/v2\/product_cat?post=8526"},{"taxonomy":"product_tag","embeddable":true,"href":"https:\/\/engitech.az\/en\/wp-json\/wp\/v2\/product_tag?post=8526"}],"curies":[{"name":"wp","href":"https:\/\/api.w.org\/{rel}","templated":true}]}}