{"id":8661,"date":"2025-11-26T13:00:01","date_gmt":"2025-11-26T13:00:01","guid":{"rendered":"https:\/\/engitech.az\/?post_type=product&#038;p=8661"},"modified":"2025-12-15T07:42:35","modified_gmt":"2025-12-15T07:42:35","slug":"dp760","status":"publish","type":"product","link":"https:\/\/engitech.az\/en\/product\/dp760\/","title":{"rendered":"DP760"},"content":{"rendered":"<ul>\n<li><strong data-start=\"46\" data-end=\"59\">Function:<\/strong> DECT repeater<\/li>\n<li><strong data-start=\"76\" data-end=\"91\">HD calls:<\/strong> 2 at the same time<\/li>\n<li><strong data-start=\"106\" data-end=\"125\">Signal range:<\/strong> ~300 m outdoor \/ ~50 m indoor<\/li>\n<li><strong data-start=\"156\" data-end=\"167\">Network:<\/strong> Ethernet + PoE<\/li>\n<li><strong data-start=\"185\" data-end=\"198\">Compatibility:<\/strong> DP750 \/ DP752 bases<\/li>\n<li><strong data-start=\"224\" data-end=\"238\">Management:<\/strong> XML configuration, plug\u2011and\u2011play<\/li>\n<\/ul>","protected":false},"excerpt":{"rendered":"<p>Funksiya: DECT repeater HD z\u0259ngl\u0259r: 2 eyni anda Siqnal aral\u0131\u011f\u0131:  [&#8230;]<\/p>","protected":false},"featured_media":8667,"comment_status":"open","ping_status":"closed","template":"","meta":[],"product_brand":[],"product_cat":[50],"product_tag":[],"class_list":{"0":"post-8661","1":"product","2":"type-product","3":"status-publish","4":"has-post-thumbnail","6":"product_cat-grandstream","7":"pa_mehsul-tipi-dect-cordless","9":"first","10":"instock","11":"sold-individually","12":"shipping-taxable","13":"product-type-simple"},"_links":{"self":[{"href":"https:\/\/engitech.az\/en\/wp-json\/wp\/v2\/product\/8661","targetHints":{"allow":["GET"]}}],"collection":[{"href":"https:\/\/engitech.az\/en\/wp-json\/wp\/v2\/product"}],"about":[{"href":"https:\/\/engitech.az\/en\/wp-json\/wp\/v2\/types\/product"}],"replies":[{"embeddable":true,"href":"https:\/\/engitech.az\/en\/wp-json\/wp\/v2\/comments?post=8661"}],"wp:featuredmedia":[{"embeddable":true,"href":"https:\/\/engitech.az\/en\/wp-json\/wp\/v2\/media\/8667"}],"wp:attachment":[{"href":"https:\/\/engitech.az\/en\/wp-json\/wp\/v2\/media?parent=8661"}],"wp:term":[{"taxonomy":"product_brand","embeddable":true,"href":"https:\/\/engitech.az\/en\/wp-json\/wp\/v2\/product_brand?post=8661"},{"taxonomy":"product_cat","embeddable":true,"href":"https:\/\/engitech.az\/en\/wp-json\/wp\/v2\/product_cat?post=8661"},{"taxonomy":"product_tag","embeddable":true,"href":"https:\/\/engitech.az\/en\/wp-json\/wp\/v2\/product_tag?post=8661"}],"curies":[{"name":"wp","href":"https:\/\/api.w.org\/{rel}","templated":true}]}}