{"id":8871,"date":"2025-12-15T13:27:07","date_gmt":"2025-12-15T13:27:07","guid":{"rendered":"https:\/\/engitech.az\/?post_type=product&#038;p=8871"},"modified":"2025-12-15T13:27:07","modified_gmt":"2025-12-15T13:27:07","slug":"salesforce","status":"publish","type":"product","link":"https:\/\/engitech.az\/en\/product\/salesforce\/","title":{"rendered":"Salesforce"},"content":{"rendered":"<ul>\n<li data-start=\"18\" data-end=\"85\"><strong data-start=\"18\" data-end=\"31\">Function:<\/strong> CRM (Customer Relationship Management) platform<\/li>\n<li data-start=\"88\" data-end=\"138\"><strong data-start=\"88\" data-end=\"102\">Services:<\/strong> Sales, marketing, customer support<\/li>\n<li data-start=\"141\" data-end=\"187\"><strong data-start=\"141\" data-end=\"154\">Usage:<\/strong> Customer data management<\/li>\n<li data-start=\"190\" data-end=\"220\"><strong data-start=\"190\" data-end=\"204\">Provider:<\/strong> Salesforce Inc.<\/li>\n<\/ul>","protected":false},"excerpt":{"rendered":"<p>Funksiya: CRM (M\u00fc\u015ft\u0259ri m\u00fcnasib\u0259tl\u0259ri idar\u0259etm\u0259si) platformas\u0131 Xidm\u0259tl\u0259r: Sat\u0131\u015f, marketinq, m\u00fc\u015ft\u0259ri  [&#8230;]<\/p>","protected":false},"featured_media":8872,"comment_status":"open","ping_status":"closed","template":"","meta":[],"product_brand":[],"product_cat":[64],"product_tag":[],"class_list":{"0":"post-8871","1":"product","2":"type-product","3":"status-publish","4":"has-post-thumbnail","6":"product_cat-veeam","7":"pa_mehsul-tipi-saas-veeam-data-cloud","9":"first","10":"instock","11":"sold-individually","12":"shipping-taxable","13":"purchasable","14":"product-type-simple"},"_links":{"self":[{"href":"https:\/\/engitech.az\/en\/wp-json\/wp\/v2\/product\/8871","targetHints":{"allow":["GET"]}}],"collection":[{"href":"https:\/\/engitech.az\/en\/wp-json\/wp\/v2\/product"}],"about":[{"href":"https:\/\/engitech.az\/en\/wp-json\/wp\/v2\/types\/product"}],"replies":[{"embeddable":true,"href":"https:\/\/engitech.az\/en\/wp-json\/wp\/v2\/comments?post=8871"}],"wp:featuredmedia":[{"embeddable":true,"href":"https:\/\/engitech.az\/en\/wp-json\/wp\/v2\/media\/8872"}],"wp:attachment":[{"href":"https:\/\/engitech.az\/en\/wp-json\/wp\/v2\/media?parent=8871"}],"wp:term":[{"taxonomy":"product_brand","embeddable":true,"href":"https:\/\/engitech.az\/en\/wp-json\/wp\/v2\/product_brand?post=8871"},{"taxonomy":"product_cat","embeddable":true,"href":"https:\/\/engitech.az\/en\/wp-json\/wp\/v2\/product_cat?post=8871"},{"taxonomy":"product_tag","embeddable":true,"href":"https:\/\/engitech.az\/en\/wp-json\/wp\/v2\/product_tag?post=8871"}],"curies":[{"name":"wp","href":"https:\/\/api.w.org\/{rel}","templated":true}]}}