{"id":8873,"date":"2025-12-15T13:30:23","date_gmt":"2025-12-15T13:30:23","guid":{"rendered":"https:\/\/engitech.az\/?post_type=product&#038;p=8873"},"modified":"2025-12-15T13:30:23","modified_gmt":"2025-12-15T13:30:23","slug":"coveware-cyber-extortion-retainer","status":"publish","type":"product","link":"https:\/\/engitech.az\/en\/product\/coveware-cyber-extortion-retainer\/","title":{"rendered":"Coveware Cyber Extortion Retainer"},"content":{"rendered":"<ul>\n<li data-start=\"41\" data-end=\"111\"><strong data-start=\"41\" data-end=\"54\">Function:<\/strong> Cyber ransomware incident response service<\/li>\n<li data-start=\"114\" data-end=\"166\"><strong data-start=\"114\" data-end=\"128\">Services:<\/strong> Negotiations, recovery, risk reduction<\/li>\n<li data-start=\"169\" data-end=\"219\"><strong data-start=\"169\" data-end=\"182\">Usage:<\/strong> Support during ransomware attacks<\/li>\n<li data-start=\"222\" data-end=\"245\"><strong data-start=\"222\" data-end=\"236\">Provider:<\/strong> Coveware<\/li>\n<\/ul>","protected":false},"excerpt":{"rendered":"<p>Funksiya: Kiber \u015fantaj (ransomware) insidentl\u0259rin\u0259 cavab xidm\u0259ti Xidm\u0259tl\u0259r: Dan\u0131\u015f\u0131qlar, b\u0259rpa,  [&#8230;]<\/p>","protected":false},"featured_media":8874,"comment_status":"open","ping_status":"closed","template":"","meta":[],"product_brand":[],"product_cat":[64],"product_tag":[],"class_list":{"0":"post-8873","1":"product","2":"type-product","3":"status-publish","4":"has-post-thumbnail","6":"product_cat-veeam","7":"pa_mehsul-tipi-saas-veeam-data-cloud","9":"first","10":"instock","11":"sold-individually","12":"shipping-taxable","13":"purchasable","14":"product-type-simple"},"_links":{"self":[{"href":"https:\/\/engitech.az\/en\/wp-json\/wp\/v2\/product\/8873","targetHints":{"allow":["GET"]}}],"collection":[{"href":"https:\/\/engitech.az\/en\/wp-json\/wp\/v2\/product"}],"about":[{"href":"https:\/\/engitech.az\/en\/wp-json\/wp\/v2\/types\/product"}],"replies":[{"embeddable":true,"href":"https:\/\/engitech.az\/en\/wp-json\/wp\/v2\/comments?post=8873"}],"wp:featuredmedia":[{"embeddable":true,"href":"https:\/\/engitech.az\/en\/wp-json\/wp\/v2\/media\/8874"}],"wp:attachment":[{"href":"https:\/\/engitech.az\/en\/wp-json\/wp\/v2\/media?parent=8873"}],"wp:term":[{"taxonomy":"product_brand","embeddable":true,"href":"https:\/\/engitech.az\/en\/wp-json\/wp\/v2\/product_brand?post=8873"},{"taxonomy":"product_cat","embeddable":true,"href":"https:\/\/engitech.az\/en\/wp-json\/wp\/v2\/product_cat?post=8873"},{"taxonomy":"product_tag","embeddable":true,"href":"https:\/\/engitech.az\/en\/wp-json\/wp\/v2\/product_tag?post=8873"}],"curies":[{"name":"wp","href":"https:\/\/api.w.org\/{rel}","templated":true}]}}