{"id":8884,"date":"2025-12-16T06:35:07","date_gmt":"2025-12-16T06:35:07","guid":{"rendered":"https:\/\/engitech.az\/?post_type=product&#038;p=8884"},"modified":"2025-12-16T06:35:08","modified_gmt":"2025-12-16T06:35:08","slug":"hyper-v","status":"publish","type":"product","link":"https:\/\/engitech.az\/en\/product\/hyper-v\/","title":{"rendered":"Hyper-V"},"content":{"rendered":"<ul>\n<li data-start=\"15\" data-end=\"57\"><strong data-start=\"15\" data-end=\"28\">Function:<\/strong> Virtualization platform<\/li>\n<li data-start=\"60\" data-end=\"118\"><strong data-start=\"60\" data-end=\"74\">Services:<\/strong> Creating and managing virtual machines<\/li>\n<li data-start=\"121\" data-end=\"161\"><strong data-start=\"121\" data-end=\"134\">Usage:<\/strong> Server and test environments<\/li>\n<li data-start=\"164\" data-end=\"188\"><strong data-start=\"164\" data-end=\"178\">Provider:<\/strong> Microsoft<\/li>\n<\/ul>","protected":false},"excerpt":{"rendered":"<p>Funksiya: Virtualizasiya platformas\u0131 Xidm\u0259tl\u0259r: Virtual ma\u015f\u0131nlar\u0131n yarad\u0131lmas\u0131 v\u0259 idar\u0259si \u0130stifad\u0259:  [&#8230;]<\/p>","protected":false},"featured_media":8905,"comment_status":"open","ping_status":"closed","template":"","meta":[],"product_brand":[],"product_cat":[64],"product_tag":[],"class_list":{"0":"post-8884","1":"product","2":"type-product","3":"status-publish","4":"has-post-thumbnail","6":"product_cat-veeam","7":"pa_mehsul-tipi-veeam-data-resilience","9":"first","10":"instock","11":"sold-individually","12":"shipping-taxable","13":"purchasable","14":"product-type-simple"},"_links":{"self":[{"href":"https:\/\/engitech.az\/en\/wp-json\/wp\/v2\/product\/8884","targetHints":{"allow":["GET"]}}],"collection":[{"href":"https:\/\/engitech.az\/en\/wp-json\/wp\/v2\/product"}],"about":[{"href":"https:\/\/engitech.az\/en\/wp-json\/wp\/v2\/types\/product"}],"replies":[{"embeddable":true,"href":"https:\/\/engitech.az\/en\/wp-json\/wp\/v2\/comments?post=8884"}],"wp:featuredmedia":[{"embeddable":true,"href":"https:\/\/engitech.az\/en\/wp-json\/wp\/v2\/media\/8905"}],"wp:attachment":[{"href":"https:\/\/engitech.az\/en\/wp-json\/wp\/v2\/media?parent=8884"}],"wp:term":[{"taxonomy":"product_brand","embeddable":true,"href":"https:\/\/engitech.az\/en\/wp-json\/wp\/v2\/product_brand?post=8884"},{"taxonomy":"product_cat","embeddable":true,"href":"https:\/\/engitech.az\/en\/wp-json\/wp\/v2\/product_cat?post=8884"},{"taxonomy":"product_tag","embeddable":true,"href":"https:\/\/engitech.az\/en\/wp-json\/wp\/v2\/product_tag?post=8884"}],"curies":[{"name":"wp","href":"https:\/\/api.w.org\/{rel}","templated":true}]}}