{"id":8937,"date":"2025-12-17T11:44:07","date_gmt":"2025-12-17T11:44:07","guid":{"rendered":"https:\/\/engitech.az\/?post_type=product&#038;p=8937"},"modified":"2025-12-17T11:44:07","modified_gmt":"2025-12-17T11:44:07","slug":"ftth-flat-bow-type-drop-ribbon-cable","status":"publish","type":"product","link":"https:\/\/engitech.az\/en\/product\/ftth-flat-bow-type-drop-ribbon-cable\/","title":{"rendered":"FTTH \u2013 Flat Bow-Type Drop Ribbon Cable"},"content":{"rendered":"<ul>\n<li data-start=\"55\" data-end=\"100\"><strong data-start=\"55\" data-end=\"66\">Application:<\/strong> FTTH end-user connections<\/li>\n<li data-start=\"103\" data-end=\"123\"><strong data-start=\"103\" data-end=\"111\">Fiber:<\/strong> 1\u20134 fibers<\/li>\n<li data-start=\"126\" data-end=\"180\"><strong data-start=\"126\" data-end=\"139\">Structure:<\/strong> Flat bow-type, with reinforcing element<\/li>\n<li data-start=\"183\" data-end=\"212\"><strong data-start=\"183\" data-end=\"194\">Protection:<\/strong> LSZH\/PE sheath<\/li>\n<li data-start=\"215\" data-end=\"267\"><strong data-start=\"215\" data-end=\"228\">Usage:<\/strong> Suitable for indoor and outdoor installation<\/li>\n<\/ul>","protected":false},"excerpt":{"rendered":"<p>T\u0259tbiq: FTTH son istifad\u0259\u00e7i qo\u015fulmalar\u0131 Lif: 1\u20134 fiber Struktur: Yast\u0131  [&#8230;]<\/p>","protected":false},"featured_media":8939,"comment_status":"open","ping_status":"closed","template":"","meta":[],"product_brand":[],"product_cat":[197],"product_tag":[],"class_list":{"0":"post-8937","1":"product","2":"type-product","3":"status-publish","4":"has-post-thumbnail","6":"product_cat-briticom","7":"pa_mehsul-tipi-fibre-optic-cable","9":"first","10":"instock","11":"sold-individually","12":"shipping-taxable","13":"purchasable","14":"product-type-simple"},"_links":{"self":[{"href":"https:\/\/engitech.az\/en\/wp-json\/wp\/v2\/product\/8937","targetHints":{"allow":["GET"]}}],"collection":[{"href":"https:\/\/engitech.az\/en\/wp-json\/wp\/v2\/product"}],"about":[{"href":"https:\/\/engitech.az\/en\/wp-json\/wp\/v2\/types\/product"}],"replies":[{"embeddable":true,"href":"https:\/\/engitech.az\/en\/wp-json\/wp\/v2\/comments?post=8937"}],"wp:featuredmedia":[{"embeddable":true,"href":"https:\/\/engitech.az\/en\/wp-json\/wp\/v2\/media\/8939"}],"wp:attachment":[{"href":"https:\/\/engitech.az\/en\/wp-json\/wp\/v2\/media?parent=8937"}],"wp:term":[{"taxonomy":"product_brand","embeddable":true,"href":"https:\/\/engitech.az\/en\/wp-json\/wp\/v2\/product_brand?post=8937"},{"taxonomy":"product_cat","embeddable":true,"href":"https:\/\/engitech.az\/en\/wp-json\/wp\/v2\/product_cat?post=8937"},{"taxonomy":"product_tag","embeddable":true,"href":"https:\/\/engitech.az\/en\/wp-json\/wp\/v2\/product_tag?post=8937"}],"curies":[{"name":"wp","href":"https:\/\/api.w.org\/{rel}","templated":true}]}}