{"id":8952,"date":"2025-12-17T11:58:03","date_gmt":"2025-12-17T11:58:03","guid":{"rendered":"https:\/\/engitech.az\/?post_type=product&#038;p=8952"},"modified":"2025-12-17T11:58:03","modified_gmt":"2025-12-17T11:58:03","slug":"ftth-round-drop-cable-duplex-2-fibers","status":"publish","type":"product","link":"https:\/\/engitech.az\/en\/product\/ftth-round-drop-cable-duplex-2-fibers\/","title":{"rendered":"FTTH \u2013 Round Drop Cable \u2013 Duplex \u2013 2 Fibres"},"content":{"rendered":"<ul>\n<li data-start=\"187\" data-end=\"264\"><strong data-start=\"187\" data-end=\"198\">Application:<\/strong> For direct fiber connection to subscriber homes or businesses<\/li>\n<li data-start=\"267\" data-end=\"285\"><strong data-start=\"267\" data-end=\"275\">Fiber:<\/strong> 2 fibers<\/li>\n<li data-start=\"288\" data-end=\"365\"><strong data-start=\"288\" data-end=\"301\">Structure:<\/strong> Internal two fibers (duplex), protected by reinforcing elements<\/li>\n<li data-start=\"368\" data-end=\"428\"><strong data-start=\"368\" data-end=\"379\">Protection:<\/strong> PVC\/LSZH sheath, UV and weather resistant<\/li>\n<li data-start=\"431\" data-end=\"497\"><strong data-start=\"431\" data-end=\"444\">Usage:<\/strong> FTTH networks, connection to optical endpoints (ONT)<\/li>\n<\/ul>","protected":false},"excerpt":{"rendered":"<p>T\u0259tbiq: Abun\u0259 evl\u0259rin\u0259 v\u0259 ya i\u015f yerl\u0259rin\u0259 birba\u015fa fiber ba\u011flant\u0131s\u0131  [&#8230;]<\/p>","protected":false},"featured_media":8954,"comment_status":"open","ping_status":"closed","template":"","meta":[],"product_brand":[],"product_cat":[197],"product_tag":[],"class_list":{"0":"post-8952","1":"product","2":"type-product","3":"status-publish","4":"has-post-thumbnail","6":"product_cat-briticom","7":"pa_mehsul-tipi-fibre-optic-cable","9":"first","10":"instock","11":"sold-individually","12":"shipping-taxable","13":"purchasable","14":"product-type-simple"},"_links":{"self":[{"href":"https:\/\/engitech.az\/en\/wp-json\/wp\/v2\/product\/8952","targetHints":{"allow":["GET"]}}],"collection":[{"href":"https:\/\/engitech.az\/en\/wp-json\/wp\/v2\/product"}],"about":[{"href":"https:\/\/engitech.az\/en\/wp-json\/wp\/v2\/types\/product"}],"replies":[{"embeddable":true,"href":"https:\/\/engitech.az\/en\/wp-json\/wp\/v2\/comments?post=8952"}],"wp:featuredmedia":[{"embeddable":true,"href":"https:\/\/engitech.az\/en\/wp-json\/wp\/v2\/media\/8954"}],"wp:attachment":[{"href":"https:\/\/engitech.az\/en\/wp-json\/wp\/v2\/media?parent=8952"}],"wp:term":[{"taxonomy":"product_brand","embeddable":true,"href":"https:\/\/engitech.az\/en\/wp-json\/wp\/v2\/product_brand?post=8952"},{"taxonomy":"product_cat","embeddable":true,"href":"https:\/\/engitech.az\/en\/wp-json\/wp\/v2\/product_cat?post=8952"},{"taxonomy":"product_tag","embeddable":true,"href":"https:\/\/engitech.az\/en\/wp-json\/wp\/v2\/product_tag?post=8952"}],"curies":[{"name":"wp","href":"https:\/\/api.w.org\/{rel}","templated":true}]}}