{"id":9055,"date":"2025-12-22T13:46:07","date_gmt":"2025-12-22T13:46:07","guid":{"rendered":"https:\/\/engitech.az\/?post_type=product&#038;p=9055"},"modified":"2025-12-22T13:49:09","modified_gmt":"2025-12-22T13:49:09","slug":"indoor-fiber-cabinet-model-i3","status":"publish","type":"product","link":"https:\/\/engitech.az\/en\/product\/indoor-fiber-cabinet-model-i3\/","title":{"rendered":"Indoor Fiber Cabinet \u2013 Model I3"},"content":{"rendered":"<ul>\n<li data-start=\"2\" data-end=\"33\"><strong data-start=\"2\" data-end=\"10\" data-is-only-node=\"\">Type:<\/strong> Indoor Fiber Cabinet<\/li>\n<li data-start=\"36\" data-end=\"51\"><strong data-start=\"36\" data-end=\"46\" data-is-only-node=\"\">Model:<\/strong> I3<\/li>\n<li data-start=\"54\" data-end=\"82\"><strong data-start=\"54\" data-end=\"67\" data-is-only-node=\"\">Usage:<\/strong> Internal environment<\/li>\n<li data-start=\"85\" data-end=\"121\"><strong data-start=\"85\" data-end=\"100\" data-is-only-node=\"\">Installation:<\/strong> Floor \/ Wall-mounted<\/li>\n<li data-start=\"124\" data-end=\"163\"><strong data-start=\"124\" data-end=\"142\" data-is-only-node=\"\">Security:<\/strong> Lockable door<\/li>\n<\/ul>","protected":false},"excerpt":{"rendered":"<p>Tip: Indoor Fibre Cabinet Model: I3 \u0130stifad\u0259: Daxili m\u00fchit Qura\u015fd\u0131rma:  [&#8230;]<\/p>","protected":false},"featured_media":9060,"comment_status":"open","ping_status":"closed","template":"","meta":[],"product_brand":[],"product_cat":[197],"product_tag":[],"class_list":{"0":"post-9055","1":"product","2":"type-product","3":"status-publish","4":"has-post-thumbnail","6":"product_cat-briticom","7":"pa_mehsul-tipi-fibre-distribution-cabinets-frames-indoor","9":"first","10":"instock","11":"sold-individually","12":"shipping-taxable","13":"purchasable","14":"product-type-simple"},"_links":{"self":[{"href":"https:\/\/engitech.az\/en\/wp-json\/wp\/v2\/product\/9055","targetHints":{"allow":["GET"]}}],"collection":[{"href":"https:\/\/engitech.az\/en\/wp-json\/wp\/v2\/product"}],"about":[{"href":"https:\/\/engitech.az\/en\/wp-json\/wp\/v2\/types\/product"}],"replies":[{"embeddable":true,"href":"https:\/\/engitech.az\/en\/wp-json\/wp\/v2\/comments?post=9055"}],"wp:featuredmedia":[{"embeddable":true,"href":"https:\/\/engitech.az\/en\/wp-json\/wp\/v2\/media\/9060"}],"wp:attachment":[{"href":"https:\/\/engitech.az\/en\/wp-json\/wp\/v2\/media?parent=9055"}],"wp:term":[{"taxonomy":"product_brand","embeddable":true,"href":"https:\/\/engitech.az\/en\/wp-json\/wp\/v2\/product_brand?post=9055"},{"taxonomy":"product_cat","embeddable":true,"href":"https:\/\/engitech.az\/en\/wp-json\/wp\/v2\/product_cat?post=9055"},{"taxonomy":"product_tag","embeddable":true,"href":"https:\/\/engitech.az\/en\/wp-json\/wp\/v2\/product_tag?post=9055"}],"curies":[{"name":"wp","href":"https:\/\/api.w.org\/{rel}","templated":true}]}}