{"id":9217,"date":"2025-12-24T07:29:13","date_gmt":"2025-12-24T07:29:13","guid":{"rendered":"https:\/\/engitech.az\/?post_type=product&#038;p=9217"},"modified":"2025-12-24T07:29:14","modified_gmt":"2025-12-24T07:29:14","slug":"en54-fire-hub-jeweler","status":"publish","type":"product","link":"https:\/\/engitech.az\/en\/product\/en54-fire-hub-jeweler\/","title":{"rendered":"EN54 Fire Hub Jeweler"},"content":{"rendered":"<ul>\n<li data-start=\"2\" data-end=\"21\"><strong data-start=\"2\" data-end=\"10\" data-is-only-node=\"\">Type:<\/strong> Fire Hub<\/li>\n<li data-start=\"24\" data-end=\"50\"><strong data-start=\"24\" data-end=\"34\" data-is-only-node=\"\">Model:<\/strong> EN54 Jeweler<\/li>\n<li data-start=\"53\" data-end=\"91\"><strong data-start=\"53\" data-end=\"66\" data-is-only-node=\"\">Usage:<\/strong> Fire alarm<\/li>\n<li data-start=\"94\" data-end=\"137\"><strong data-start=\"94\" data-end=\"104\" data-is-only-node=\"\">Contact:<\/strong> Ajax Jeweler wireless protocol<\/li>\n<li data-start=\"140\" data-end=\"181\"><strong data-start=\"140\" data-end=\"158\" data-is-only-node=\"\">Security:<\/strong> Complies with EN54 standard<\/li>\n<\/ul>","protected":false},"excerpt":{"rendered":"<p>Tip: Fire Hub Model: EN54 Jeweller \u0130stifad\u0259: Yan\u011f\u0131n siqnalizasiyas\u0131 \u018flaq\u0259:  [&#8230;]<\/p>","protected":false},"featured_media":9218,"comment_status":"open","ping_status":"closed","template":"","meta":[],"product_brand":[],"product_cat":[148],"product_tag":[],"class_list":{"0":"post-9217","1":"product","2":"type-product","3":"status-publish","4":"has-post-thumbnail","6":"product_cat-ajax-systems","7":"pa_mehsul-tipi-hubs","9":"first","10":"instock","11":"sold-individually","12":"shipping-taxable","13":"purchasable","14":"product-type-simple"},"_links":{"self":[{"href":"https:\/\/engitech.az\/en\/wp-json\/wp\/v2\/product\/9217","targetHints":{"allow":["GET"]}}],"collection":[{"href":"https:\/\/engitech.az\/en\/wp-json\/wp\/v2\/product"}],"about":[{"href":"https:\/\/engitech.az\/en\/wp-json\/wp\/v2\/types\/product"}],"replies":[{"embeddable":true,"href":"https:\/\/engitech.az\/en\/wp-json\/wp\/v2\/comments?post=9217"}],"wp:featuredmedia":[{"embeddable":true,"href":"https:\/\/engitech.az\/en\/wp-json\/wp\/v2\/media\/9218"}],"wp:attachment":[{"href":"https:\/\/engitech.az\/en\/wp-json\/wp\/v2\/media?parent=9217"}],"wp:term":[{"taxonomy":"product_brand","embeddable":true,"href":"https:\/\/engitech.az\/en\/wp-json\/wp\/v2\/product_brand?post=9217"},{"taxonomy":"product_cat","embeddable":true,"href":"https:\/\/engitech.az\/en\/wp-json\/wp\/v2\/product_cat?post=9217"},{"taxonomy":"product_tag","embeddable":true,"href":"https:\/\/engitech.az\/en\/wp-json\/wp\/v2\/product_tag?post=9217"}],"curies":[{"name":"wp","href":"https:\/\/api.w.org\/{rel}","templated":true}]}}