{"id":9219,"date":"2025-12-24T07:51:29","date_gmt":"2025-12-24T07:51:29","guid":{"rendered":"https:\/\/engitech.az\/?post_type=product&#038;p=9219"},"modified":"2025-12-24T07:51:30","modified_gmt":"2025-12-24T07:51:30","slug":"doorprotect-jeweler","status":"publish","type":"product","link":"https:\/\/engitech.az\/en\/product\/doorprotect-jeweler\/","title":{"rendered":"DoorProtect Jeweler"},"content":{"rendered":"<ul>\n<li data-start=\"2\" data-end=\"24\"><strong data-start=\"2\" data-end=\"10\" data-is-only-node=\"\">Type:<\/strong> DoorProtect<\/li>\n<li data-start=\"27\" data-end=\"57\"><strong data-start=\"27\" data-end=\"46\" data-is-only-node=\"\">Model\/Protocol:<\/strong> Jeweler<\/li>\n<li data-start=\"60\" data-end=\"114\"><strong data-start=\"60\" data-end=\"73\" data-is-only-node=\"\">Usage:<\/strong> Door\/window opening\/closing detector<\/li>\n<li data-start=\"117\" data-end=\"160\"><strong data-start=\"117\" data-end=\"127\" data-is-only-node=\"\">Contact:<\/strong> Ajax Jeweler wireless protocol<\/li>\n<li data-start=\"163\" data-end=\"216\"><strong data-start=\"163\" data-end=\"181\" data-is-only-node=\"\">Security:<\/strong> Connects to alarm systems<\/li>\n<\/ul>","protected":false},"excerpt":{"rendered":"<p>Tip: DoorProtect Model\/Protokol: Jeweller \u0130stifad\u0259: Qap\u0131\/p\u0259nc\u0259r\u0259 a\u00e7\u0131l\u0131b\u2011ba\u011flanma detektoru \u018flaq\u0259: Ajax  [&#8230;]<\/p>","protected":false},"featured_media":9220,"comment_status":"open","ping_status":"closed","template":"","meta":[],"product_brand":[],"product_cat":[148],"product_tag":[],"class_list":{"0":"post-9219","1":"product","2":"type-product","3":"status-publish","4":"has-post-thumbnail","6":"product_cat-ajax-systems","7":"pa_mehsul-tipi-acilan-detektorlar","9":"first","10":"instock","11":"sold-individually","12":"shipping-taxable","13":"purchasable","14":"product-type-simple"},"_links":{"self":[{"href":"https:\/\/engitech.az\/en\/wp-json\/wp\/v2\/product\/9219","targetHints":{"allow":["GET"]}}],"collection":[{"href":"https:\/\/engitech.az\/en\/wp-json\/wp\/v2\/product"}],"about":[{"href":"https:\/\/engitech.az\/en\/wp-json\/wp\/v2\/types\/product"}],"replies":[{"embeddable":true,"href":"https:\/\/engitech.az\/en\/wp-json\/wp\/v2\/comments?post=9219"}],"wp:featuredmedia":[{"embeddable":true,"href":"https:\/\/engitech.az\/en\/wp-json\/wp\/v2\/media\/9220"}],"wp:attachment":[{"href":"https:\/\/engitech.az\/en\/wp-json\/wp\/v2\/media?parent=9219"}],"wp:term":[{"taxonomy":"product_brand","embeddable":true,"href":"https:\/\/engitech.az\/en\/wp-json\/wp\/v2\/product_brand?post=9219"},{"taxonomy":"product_cat","embeddable":true,"href":"https:\/\/engitech.az\/en\/wp-json\/wp\/v2\/product_cat?post=9219"},{"taxonomy":"product_tag","embeddable":true,"href":"https:\/\/engitech.az\/en\/wp-json\/wp\/v2\/product_tag?post=9219"}],"curies":[{"name":"wp","href":"https:\/\/api.w.org\/{rel}","templated":true}]}}