{"id":9229,"date":"2025-12-24T08:27:30","date_gmt":"2025-12-24T08:27:30","guid":{"rendered":"https:\/\/engitech.az\/?post_type=product&#038;p=9229"},"modified":"2025-12-24T08:27:30","modified_gmt":"2025-12-24T08:27:30","slug":"glassprotect-jeweler","status":"publish","type":"product","link":"https:\/\/engitech.az\/en\/product\/glassprotect-jeweler\/","title":{"rendered":"GlassProtect Jeweler"},"content":{"rendered":"<ul>\n<li data-start=\"2\" data-end=\"25\"><strong data-start=\"2\" data-end=\"10\" data-is-only-node=\"\">Type:<\/strong> GlassProtect<\/li>\n<li data-start=\"28\" data-end=\"52\"><strong data-start=\"28\" data-end=\"41\" data-is-only-node=\"\">Protocol:<\/strong> Jeweler<\/li>\n<li data-start=\"55\" data-end=\"94\"><strong data-start=\"55\" data-end=\"68\" data-is-only-node=\"\">Usage:<\/strong> Glass break detector<\/li>\n<li data-start=\"97\" data-end=\"130\"><strong data-start=\"97\" data-end=\"107\" data-is-only-node=\"\">Contact:<\/strong> Wireless (Ajax Jeweler)<\/li>\n<\/ul>","protected":false},"excerpt":{"rendered":"<p>Tip: GlassProtect Protokol: Jeweller \u0130stifad\u0259: \u015e\u00fc\u015f\u0259 s\u0131nd\u0131rma detektoru \u018flaq\u0259: Simsiz  [&#8230;]<\/p>","protected":false},"featured_media":9230,"comment_status":"open","ping_status":"closed","template":"","meta":[],"product_brand":[],"product_cat":[148],"product_tag":[],"class_list":{"0":"post-9229","1":"product","2":"type-product","3":"status-publish","4":"has-post-thumbnail","6":"product_cat-ajax-systems","7":"pa_mehsul-tipi-suse-sindirma-detektorlari","9":"first","10":"instock","11":"sold-individually","12":"shipping-taxable","13":"purchasable","14":"product-type-simple"},"_links":{"self":[{"href":"https:\/\/engitech.az\/en\/wp-json\/wp\/v2\/product\/9229","targetHints":{"allow":["GET"]}}],"collection":[{"href":"https:\/\/engitech.az\/en\/wp-json\/wp\/v2\/product"}],"about":[{"href":"https:\/\/engitech.az\/en\/wp-json\/wp\/v2\/types\/product"}],"replies":[{"embeddable":true,"href":"https:\/\/engitech.az\/en\/wp-json\/wp\/v2\/comments?post=9229"}],"wp:featuredmedia":[{"embeddable":true,"href":"https:\/\/engitech.az\/en\/wp-json\/wp\/v2\/media\/9230"}],"wp:attachment":[{"href":"https:\/\/engitech.az\/en\/wp-json\/wp\/v2\/media?parent=9229"}],"wp:term":[{"taxonomy":"product_brand","embeddable":true,"href":"https:\/\/engitech.az\/en\/wp-json\/wp\/v2\/product_brand?post=9229"},{"taxonomy":"product_cat","embeddable":true,"href":"https:\/\/engitech.az\/en\/wp-json\/wp\/v2\/product_cat?post=9229"},{"taxonomy":"product_tag","embeddable":true,"href":"https:\/\/engitech.az\/en\/wp-json\/wp\/v2\/product_tag?post=9229"}],"curies":[{"name":"wp","href":"https:\/\/api.w.org\/{rel}","templated":true}]}}