{"id":9231,"date":"2025-12-24T08:31:31","date_gmt":"2025-12-24T08:31:31","guid":{"rendered":"https:\/\/engitech.az\/?post_type=product&#038;p=9231"},"modified":"2025-12-24T08:31:31","modified_gmt":"2025-12-24T08:31:31","slug":"superior-glassprotect-fiber","status":"publish","type":"product","link":"https:\/\/engitech.az\/en\/product\/superior-glassprotect-fiber\/","title":{"rendered":"Superior GlassProtect Fiber"},"content":{"rendered":"<ul>\n<li data-start=\"2\" data-end=\"34\"><strong data-start=\"2\" data-end=\"10\" data-is-only-node=\"\">Type:<\/strong> Superior GlassProtect<\/li>\n<li data-start=\"37\" data-end=\"58\"><strong data-start=\"37\" data-end=\"50\" data-is-only-node=\"\">Protocol:<\/strong> Fiber<\/li>\n<li data-start=\"61\" data-end=\"100\"><strong data-start=\"61\" data-end=\"74\" data-is-only-node=\"\">Usage:<\/strong> Glass break detector<\/li>\n<li data-start=\"103\" data-end=\"127\"><strong data-start=\"103\" data-end=\"113\" data-is-only-node=\"\">Contact:<\/strong> Cable (Fiber)<\/li>\n<\/ul>","protected":false},"excerpt":{"rendered":"<p>Tip: Superior GlassProtect Protokol: Fibra \u0130stifad\u0259: \u015e\u00fc\u015f\u0259 s\u0131nd\u0131rma detektoru \u018flaq\u0259:  [&#8230;]<\/p>","protected":false},"featured_media":9232,"comment_status":"open","ping_status":"closed","template":"","meta":[],"product_brand":[],"product_cat":[148],"product_tag":[],"class_list":{"0":"post-9231","1":"product","2":"type-product","3":"status-publish","4":"has-post-thumbnail","6":"product_cat-ajax-systems","7":"pa_mehsul-tipi-suse-sindirma-detektorlari","9":"first","10":"instock","11":"sold-individually","12":"shipping-taxable","13":"purchasable","14":"product-type-simple"},"_links":{"self":[{"href":"https:\/\/engitech.az\/en\/wp-json\/wp\/v2\/product\/9231","targetHints":{"allow":["GET"]}}],"collection":[{"href":"https:\/\/engitech.az\/en\/wp-json\/wp\/v2\/product"}],"about":[{"href":"https:\/\/engitech.az\/en\/wp-json\/wp\/v2\/types\/product"}],"replies":[{"embeddable":true,"href":"https:\/\/engitech.az\/en\/wp-json\/wp\/v2\/comments?post=9231"}],"wp:featuredmedia":[{"embeddable":true,"href":"https:\/\/engitech.az\/en\/wp-json\/wp\/v2\/media\/9232"}],"wp:attachment":[{"href":"https:\/\/engitech.az\/en\/wp-json\/wp\/v2\/media?parent=9231"}],"wp:term":[{"taxonomy":"product_brand","embeddable":true,"href":"https:\/\/engitech.az\/en\/wp-json\/wp\/v2\/product_brand?post=9231"},{"taxonomy":"product_cat","embeddable":true,"href":"https:\/\/engitech.az\/en\/wp-json\/wp\/v2\/product_cat?post=9231"},{"taxonomy":"product_tag","embeddable":true,"href":"https:\/\/engitech.az\/en\/wp-json\/wp\/v2\/product_tag?post=9231"}],"curies":[{"name":"wp","href":"https:\/\/api.w.org\/{rel}","templated":true}]}}