{"id":9321,"date":"2025-12-25T12:10:12","date_gmt":"2025-12-25T12:10:12","guid":{"rendered":"https:\/\/engitech.az\/?post_type=product&#038;p=9321"},"modified":"2025-12-26T05:26:25","modified_gmt":"2025-12-26T05:26:25","slug":"bulletcam-hlvf-5-mp","status":"publish","type":"product","link":"https:\/\/engitech.az\/en\/product\/bulletcam-hlvf-5-mp\/","title":{"rendered":"BulletCam HLVF (5 Mp)"},"content":{"rendered":"<ul>\n<li data-start=\"29\" data-end=\"69\"><strong data-start=\"29\" data-end=\"37\">Type:<\/strong> Bullet camera (HLVF series)<\/li>\n<li data-start=\"72\" data-end=\"94\"><strong data-start=\"72\" data-end=\"87\">Resolution:<\/strong> 5 MP<\/li>\n<li data-start=\"97\" data-end=\"140\"><strong data-start=\"97\" data-end=\"110\">Usage:<\/strong> Outdoor\/security viewing<\/li>\n<li data-start=\"143\" data-end=\"183\"><strong data-start=\"143\" data-end=\"153\">Contact:<\/strong> (usually) cable connection<\/li>\n<\/ul>","protected":false},"excerpt":{"rendered":"<p>Tip: Bullet kamera (HLVF seriyas\u0131) Rezolusiya: 5\u202fMP \u0130stifad\u0259: Xarici\/m\u00fchafiz\u0259 g\u00f6r\u00fcnt\u00fcl\u0259m\u0259  [&#8230;]<\/p>","protected":false},"featured_media":9323,"comment_status":"open","ping_status":"closed","template":"","meta":[],"product_brand":[],"product_cat":[148],"product_tag":[],"class_list":{"0":"post-9321","1":"product","2":"type-product","3":"status-publish","4":"has-post-thumbnail","6":"product_cat-ajax-systems","7":"pa_mehsul-tipi-simli-kameralar","9":"first","10":"instock","11":"sold-individually","12":"shipping-taxable","13":"purchasable","14":"product-type-simple"},"_links":{"self":[{"href":"https:\/\/engitech.az\/en\/wp-json\/wp\/v2\/product\/9321","targetHints":{"allow":["GET"]}}],"collection":[{"href":"https:\/\/engitech.az\/en\/wp-json\/wp\/v2\/product"}],"about":[{"href":"https:\/\/engitech.az\/en\/wp-json\/wp\/v2\/types\/product"}],"replies":[{"embeddable":true,"href":"https:\/\/engitech.az\/en\/wp-json\/wp\/v2\/comments?post=9321"}],"wp:featuredmedia":[{"embeddable":true,"href":"https:\/\/engitech.az\/en\/wp-json\/wp\/v2\/media\/9323"}],"wp:attachment":[{"href":"https:\/\/engitech.az\/en\/wp-json\/wp\/v2\/media?parent=9321"}],"wp:term":[{"taxonomy":"product_brand","embeddable":true,"href":"https:\/\/engitech.az\/en\/wp-json\/wp\/v2\/product_brand?post=9321"},{"taxonomy":"product_cat","embeddable":true,"href":"https:\/\/engitech.az\/en\/wp-json\/wp\/v2\/product_cat?post=9321"},{"taxonomy":"product_tag","embeddable":true,"href":"https:\/\/engitech.az\/en\/wp-json\/wp\/v2\/product_tag?post=9321"}],"curies":[{"name":"wp","href":"https:\/\/api.w.org\/{rel}","templated":true}]}}