{"id":9552,"date":"2026-01-27T08:25:08","date_gmt":"2026-01-27T08:25:08","guid":{"rendered":"https:\/\/engitech.az\/?post_type=product&#038;p=9552"},"modified":"2026-01-29T08:53:11","modified_gmt":"2026-01-29T08:53:11","slug":"mfa208","status":"publish","type":"product","link":"https:\/\/engitech.az\/en\/product\/mfa208\/","title":{"rendered":"MFA208"},"content":{"rendered":"<ul>\n<li data-start=\"37\" data-end=\"73\"><strong data-start=\"37\" data-end=\"59\">Operating Voltage:<\/strong> 100\u2013240V AC<\/li>\n<li data-start=\"76\" data-end=\"134\"><strong data-start=\"76\" data-end=\"91\">Power Output:<\/strong> 2 \u00d7 40 W @ 4\/8\/16 \u03a9, 1 \u00d7 80 W @ 70\/100 V<\/li>\n<li data-start=\"137\" data-end=\"166\"><strong data-start=\"137\" data-end=\"156\">Amplifier Type:<\/strong> Class-D<\/li>\n<li data-start=\"169\" data-end=\"205\"><strong data-start=\"169\" data-end=\"188\">Frequency Response:<\/strong> 20Hz \u2013 20kHz<\/li>\n<li data-start=\"208\" data-end=\"257\"><strong data-start=\"208\" data-end=\"221\">Inputs:<\/strong> Mic\/Line, RCA, 3.5 mm, SourceCon\u2122<\/li>\n<li data-start=\"260\" data-end=\"294\"><strong data-start=\"260\" data-end=\"273\">Speeches:<\/strong> Line out, 70\/100 V<\/li>\n<li data-start=\"297\" data-end=\"337\"><strong data-start=\"297\" data-end=\"314\">Interfaces:<\/strong> TCP\/IP, RS232, RS485<\/li>\n<li data-start=\"340\" data-end=\"381\"><strong data-start=\"340\" data-end=\"348\">DSP:<\/strong> Daxili DSP, speaker presetl\u0259ri<\/li>\n<li data-start=\"384\" data-end=\"418\"><strong data-start=\"384\" data-end=\"399\">Installation:<\/strong> \u00bd 19\u2033 rack tipli<\/li>\n<li data-start=\"421\" data-end=\"477\"><strong data-start=\"421\" data-end=\"445\">Additional Features:<\/strong> TFT ekran, AUDAC Touch\u2122 d\u0259st\u0259yi<\/li>\n<\/ul>","protected":false},"excerpt":{"rendered":"<p>\u0130\u015fl\u0259m\u0259 G\u0259rginliyi: 100\u2013240V AC G\u00fcc \u00c7\u0131x\u0131\u015f\u0131: 2 \u00d7 40 W  [&#8230;]<\/p>","protected":false},"featured_media":9553,"comment_status":"open","ping_status":"closed","template":"","meta":[],"product_brand":[],"product_cat":[289],"product_tag":[],"class_list":{"0":"post-9552","1":"product","2":"type-product","3":"status-publish","4":"has-post-thumbnail","6":"product_cat-audac","7":"pa_mehsul-tipi-amplifiers","9":"first","10":"instock","11":"sold-individually","12":"shipping-taxable","13":"purchasable","14":"product-type-simple"},"_links":{"self":[{"href":"https:\/\/engitech.az\/en\/wp-json\/wp\/v2\/product\/9552","targetHints":{"allow":["GET"]}}],"collection":[{"href":"https:\/\/engitech.az\/en\/wp-json\/wp\/v2\/product"}],"about":[{"href":"https:\/\/engitech.az\/en\/wp-json\/wp\/v2\/types\/product"}],"replies":[{"embeddable":true,"href":"https:\/\/engitech.az\/en\/wp-json\/wp\/v2\/comments?post=9552"}],"wp:featuredmedia":[{"embeddable":true,"href":"https:\/\/engitech.az\/en\/wp-json\/wp\/v2\/media\/9553"}],"wp:attachment":[{"href":"https:\/\/engitech.az\/en\/wp-json\/wp\/v2\/media?parent=9552"}],"wp:term":[{"taxonomy":"product_brand","embeddable":true,"href":"https:\/\/engitech.az\/en\/wp-json\/wp\/v2\/product_brand?post=9552"},{"taxonomy":"product_cat","embeddable":true,"href":"https:\/\/engitech.az\/en\/wp-json\/wp\/v2\/product_cat?post=9552"},{"taxonomy":"product_tag","embeddable":true,"href":"https:\/\/engitech.az\/en\/wp-json\/wp\/v2\/product_tag?post=9552"}],"curies":[{"name":"wp","href":"https:\/\/api.w.org\/{rel}","templated":true}]}}