{"id":9554,"date":"2026-01-27T08:44:13","date_gmt":"2026-01-27T08:44:13","guid":{"rendered":"https:\/\/engitech.az\/?post_type=product&#038;p=9554"},"modified":"2026-01-29T08:53:30","modified_gmt":"2026-01-29T08:53:30","slug":"mfa216","status":"publish","type":"product","link":"https:\/\/engitech.az\/en\/product\/mfa216\/","title":{"rendered":"MFA216"},"content":{"rendered":"<ul>\n<li data-start=\"28\" data-end=\"64\"><strong data-start=\"28\" data-end=\"50\">Operating Voltage:<\/strong> 100\u2013240V AC<\/li>\n<li data-start=\"67\" data-end=\"126\"><strong data-start=\"67\" data-end=\"82\">Power Output:<\/strong> 2 \u00d7 80 W @ 4\/8\/16 \u03a9, 1 \u00d7 160 W @ 70\/100 V<\/li>\n<li data-start=\"129\" data-end=\"158\"><strong data-start=\"129\" data-end=\"148\">Amplifier Type:<\/strong> Class-D<\/li>\n<li data-start=\"161\" data-end=\"197\"><strong data-start=\"161\" data-end=\"180\">Frequency Response:<\/strong> 20Hz \u2013 20kHz<\/li>\n<li data-start=\"200\" data-end=\"249\"><strong data-start=\"200\" data-end=\"213\">Inputs:<\/strong> Mic\/Line, RCA, 3.5 mm, SourceCon\u2122<\/li>\n<li data-start=\"252\" data-end=\"286\"><strong data-start=\"252\" data-end=\"265\">Speeches:<\/strong> Line out, 70\/100 V<\/li>\n<li data-start=\"289\" data-end=\"329\"><strong data-start=\"289\" data-end=\"306\">Interfaces:<\/strong> TCP\/IP, RS232, RS485<\/li>\n<li data-start=\"332\" data-end=\"373\"><strong data-start=\"332\" data-end=\"340\">DSP:<\/strong> Daxili DSP, speaker presetl\u0259ri<\/li>\n<li data-start=\"376\" data-end=\"410\"><strong data-start=\"376\" data-end=\"391\">Installation:<\/strong> \u00bd 19\u2033 rack tipli<\/li>\n<li data-start=\"413\" data-end=\"471\"><strong data-start=\"413\" data-end=\"437\">Additional Features:<\/strong> TFT ekran, AUDAC Touch\u2122 d\u0259st\u0259yi<\/li>\n<\/ul>","protected":false},"excerpt":{"rendered":"<p>\u0130\u015fl\u0259m\u0259 G\u0259rginliyi: 100\u2013240V AC G\u00fcc \u00c7\u0131x\u0131\u015f\u0131: 2 \u00d7 80 W  [&#8230;]<\/p>","protected":false},"featured_media":9556,"comment_status":"open","ping_status":"closed","template":"","meta":[],"product_brand":[],"product_cat":[289],"product_tag":[],"class_list":{"0":"post-9554","1":"product","2":"type-product","3":"status-publish","4":"has-post-thumbnail","6":"product_cat-audac","7":"pa_mehsul-tipi-amplifiers","9":"first","10":"instock","11":"sold-individually","12":"shipping-taxable","13":"purchasable","14":"product-type-simple"},"_links":{"self":[{"href":"https:\/\/engitech.az\/en\/wp-json\/wp\/v2\/product\/9554","targetHints":{"allow":["GET"]}}],"collection":[{"href":"https:\/\/engitech.az\/en\/wp-json\/wp\/v2\/product"}],"about":[{"href":"https:\/\/engitech.az\/en\/wp-json\/wp\/v2\/types\/product"}],"replies":[{"embeddable":true,"href":"https:\/\/engitech.az\/en\/wp-json\/wp\/v2\/comments?post=9554"}],"wp:featuredmedia":[{"embeddable":true,"href":"https:\/\/engitech.az\/en\/wp-json\/wp\/v2\/media\/9556"}],"wp:attachment":[{"href":"https:\/\/engitech.az\/en\/wp-json\/wp\/v2\/media?parent=9554"}],"wp:term":[{"taxonomy":"product_brand","embeddable":true,"href":"https:\/\/engitech.az\/en\/wp-json\/wp\/v2\/product_brand?post=9554"},{"taxonomy":"product_cat","embeddable":true,"href":"https:\/\/engitech.az\/en\/wp-json\/wp\/v2\/product_cat?post=9554"},{"taxonomy":"product_tag","embeddable":true,"href":"https:\/\/engitech.az\/en\/wp-json\/wp\/v2\/product_tag?post=9554"}],"curies":[{"name":"wp","href":"https:\/\/api.w.org\/{rel}","templated":true}]}}