{"id":9560,"date":"2026-01-27T11:52:10","date_gmt":"2026-01-27T11:52:10","guid":{"rendered":"https:\/\/engitech.az\/?post_type=product&#038;p=9560"},"modified":"2026-01-29T08:54:51","modified_gmt":"2026-01-29T08:54:51","slug":"amp523","status":"publish","type":"product","link":"https:\/\/engitech.az\/en\/product\/amp523\/","title":{"rendered":"AMP523"},"content":{"rendered":"<ul>\n<li data-start=\"28\" data-end=\"64\"><strong data-start=\"28\" data-end=\"50\">Operating Voltage:<\/strong> 100\u2013240V AC<\/li>\n<li data-start=\"67\" data-end=\"99\"><strong data-start=\"67\" data-end=\"82\">Power Output:<\/strong> 2 \u00d7 15 W @ 4 \u03a9<\/li>\n<li data-start=\"102\" data-end=\"131\"><strong data-start=\"102\" data-end=\"121\">Amplifier Type:<\/strong> Class-D<\/li>\n<li data-start=\"134\" data-end=\"170\"><strong data-start=\"134\" data-end=\"153\">Frequency Response:<\/strong> 20Hz \u2013 20kHz<\/li>\n<li data-start=\"173\" data-end=\"210\"><strong data-start=\"173\" data-end=\"186\">Inputs:<\/strong> 2 \u00d7 stereo line (RCA)<\/li>\n<li data-start=\"213\" data-end=\"250\"><strong data-start=\"213\" data-end=\"226\">Speeches:<\/strong> Stereo speaker output<\/li>\n<li data-start=\"253\" data-end=\"307\"><strong data-start=\"253\" data-end=\"267\">Management:<\/strong> \u00d6n panel s\u0259s s\u0259viyy\u0259si t\u0259nziml\u0259yicisi<\/li>\n<li data-start=\"310\" data-end=\"356\"><strong data-start=\"310\" data-end=\"325\">Installation:<\/strong> Desktop or wall mounting<\/li>\n<li data-start=\"359\" data-end=\"424\"><strong data-start=\"359\" data-end=\"383\">Additional Features:<\/strong> Ultra-kompakt \u00f6l\u00e7\u00fc, az enerji s\u0259rfiyyat\u0131<\/li>\n<\/ul>","protected":false},"excerpt":{"rendered":"<p>\u0130\u015fl\u0259m\u0259 G\u0259rginliyi: 100\u2013240V AC G\u00fcc \u00c7\u0131x\u0131\u015f\u0131: 2 \u00d7 15 W  [&#8230;]<\/p>","protected":false},"featured_media":9561,"comment_status":"open","ping_status":"closed","template":"","meta":[],"product_brand":[],"product_cat":[289],"product_tag":[],"class_list":{"0":"post-9560","1":"product","2":"type-product","3":"status-publish","4":"has-post-thumbnail","6":"product_cat-audac","7":"pa_mehsul-tipi-amplifiers","9":"first","10":"instock","11":"sold-individually","12":"shipping-taxable","13":"purchasable","14":"product-type-simple"},"_links":{"self":[{"href":"https:\/\/engitech.az\/en\/wp-json\/wp\/v2\/product\/9560","targetHints":{"allow":["GET"]}}],"collection":[{"href":"https:\/\/engitech.az\/en\/wp-json\/wp\/v2\/product"}],"about":[{"href":"https:\/\/engitech.az\/en\/wp-json\/wp\/v2\/types\/product"}],"replies":[{"embeddable":true,"href":"https:\/\/engitech.az\/en\/wp-json\/wp\/v2\/comments?post=9560"}],"wp:featuredmedia":[{"embeddable":true,"href":"https:\/\/engitech.az\/en\/wp-json\/wp\/v2\/media\/9561"}],"wp:attachment":[{"href":"https:\/\/engitech.az\/en\/wp-json\/wp\/v2\/media?parent=9560"}],"wp:term":[{"taxonomy":"product_brand","embeddable":true,"href":"https:\/\/engitech.az\/en\/wp-json\/wp\/v2\/product_brand?post=9560"},{"taxonomy":"product_cat","embeddable":true,"href":"https:\/\/engitech.az\/en\/wp-json\/wp\/v2\/product_cat?post=9560"},{"taxonomy":"product_tag","embeddable":true,"href":"https:\/\/engitech.az\/en\/wp-json\/wp\/v2\/product_tag?post=9560"}],"curies":[{"name":"wp","href":"https:\/\/api.w.org\/{rel}","templated":true}]}}