{"id":9562,"date":"2026-01-27T12:00:49","date_gmt":"2026-01-27T12:00:49","guid":{"rendered":"https:\/\/engitech.az\/?post_type=product&#038;p=9562"},"modified":"2026-01-29T08:55:10","modified_gmt":"2026-01-29T08:55:10","slug":"sma350","status":"publish","type":"product","link":"https:\/\/engitech.az\/en\/product\/sma350\/","title":{"rendered":"SMA350"},"content":{"rendered":"<ul>\n<li data-start=\"28\" data-end=\"64\"><strong data-start=\"28\" data-end=\"50\">Operating Voltage:<\/strong> 100\u2013240V AC<\/li>\n<li data-start=\"67\" data-end=\"132\"><strong data-start=\"67\" data-end=\"82\">Power Output:<\/strong> 2 \u00d7 350 W @ 4 \u03a9, 1 \u00d7 700 W @ 70\/100 V (bridged)<\/li>\n<li data-start=\"135\" data-end=\"164\"><strong data-start=\"135\" data-end=\"154\">Amplifier Type:<\/strong> Class-D<\/li>\n<li data-start=\"167\" data-end=\"203\"><strong data-start=\"167\" data-end=\"186\">Frequency Response:<\/strong> 20Hz \u2013 20kHz<\/li>\n<li data-start=\"206\" data-end=\"257\"><strong data-start=\"206\" data-end=\"219\">Inputs:<\/strong> 2 \u00d7 balanced Line (XLR \/ Euroblock)<\/li>\n<li data-start=\"260\" data-end=\"314\"><strong data-start=\"260\" data-end=\"273\">Speeches:<\/strong> Low-impedance speaker \u00e7\u0131x\u0131\u015f\u0131, 70\/100 V<\/li>\n<li data-start=\"317\" data-end=\"359\"><strong data-start=\"317\" data-end=\"331\">Management:<\/strong> Front panel LED indicators<\/li>\n<li data-start=\"362\" data-end=\"388\"><strong data-start=\"362\" data-end=\"374\">Cooling:<\/strong> With active fan<\/li>\n<li data-start=\"391\" data-end=\"423\"><strong data-start=\"391\" data-end=\"406\">Installation:<\/strong> 19\u2033 rack mount<\/li>\n<li data-start=\"426\" data-end=\"494\"><strong data-start=\"426\" data-end=\"450\">Additional Features:<\/strong> Q\u0131saqapanma, overload v\u0259 istilik qorumas\u0131<\/li>\n<\/ul>","protected":false},"excerpt":{"rendered":"<p>\u0130\u015fl\u0259m\u0259 G\u0259rginliyi: 100\u2013240V AC G\u00fcc \u00c7\u0131x\u0131\u015f\u0131: 2 \u00d7 350 W  [&#8230;]<\/p>","protected":false},"featured_media":9564,"comment_status":"open","ping_status":"closed","template":"","meta":[],"product_brand":[],"product_cat":[289],"product_tag":[],"class_list":{"0":"post-9562","1":"product","2":"type-product","3":"status-publish","4":"has-post-thumbnail","6":"product_cat-audac","7":"pa_mehsul-tipi-amplifiers","9":"first","10":"instock","11":"sold-individually","12":"shipping-taxable","13":"purchasable","14":"product-type-simple"},"_links":{"self":[{"href":"https:\/\/engitech.az\/en\/wp-json\/wp\/v2\/product\/9562","targetHints":{"allow":["GET"]}}],"collection":[{"href":"https:\/\/engitech.az\/en\/wp-json\/wp\/v2\/product"}],"about":[{"href":"https:\/\/engitech.az\/en\/wp-json\/wp\/v2\/types\/product"}],"replies":[{"embeddable":true,"href":"https:\/\/engitech.az\/en\/wp-json\/wp\/v2\/comments?post=9562"}],"wp:featuredmedia":[{"embeddable":true,"href":"https:\/\/engitech.az\/en\/wp-json\/wp\/v2\/media\/9564"}],"wp:attachment":[{"href":"https:\/\/engitech.az\/en\/wp-json\/wp\/v2\/media?parent=9562"}],"wp:term":[{"taxonomy":"product_brand","embeddable":true,"href":"https:\/\/engitech.az\/en\/wp-json\/wp\/v2\/product_brand?post=9562"},{"taxonomy":"product_cat","embeddable":true,"href":"https:\/\/engitech.az\/en\/wp-json\/wp\/v2\/product_cat?post=9562"},{"taxonomy":"product_tag","embeddable":true,"href":"https:\/\/engitech.az\/en\/wp-json\/wp\/v2\/product_tag?post=9562"}],"curies":[{"name":"wp","href":"https:\/\/api.w.org\/{rel}","templated":true}]}}