{"id":9565,"date":"2026-01-27T12:03:53","date_gmt":"2026-01-27T12:03:53","guid":{"rendered":"https:\/\/engitech.az\/?post_type=product&#038;p=9565"},"modified":"2026-01-29T08:55:25","modified_gmt":"2026-01-29T08:55:25","slug":"sma500","status":"publish","type":"product","link":"https:\/\/engitech.az\/en\/product\/sma500\/","title":{"rendered":"SMA500"},"content":{"rendered":"<ul>\n<li data-start=\"28\" data-end=\"64\"><strong data-start=\"28\" data-end=\"50\">Operating Voltage:<\/strong> 100\u2013240V AC<\/li>\n<li data-start=\"67\" data-end=\"100\"><strong data-start=\"67\" data-end=\"82\">Power Output:<\/strong> 2 \u00d7 500 W @ 4 \u03a9<\/li>\n<li data-start=\"103\" data-end=\"132\"><strong data-start=\"103\" data-end=\"122\">Amplifier Type:<\/strong> Class-D<\/li>\n<li data-start=\"135\" data-end=\"171\"><strong data-start=\"135\" data-end=\"154\">Frequency Response:<\/strong> 20Hz \u2013 20kHz<\/li>\n<li data-start=\"174\" data-end=\"225\"><strong data-start=\"174\" data-end=\"187\">Inputs:<\/strong> 2 \u00d7 balanced Line (XLR \/ Euroblock)<\/li>\n<li data-start=\"228\" data-end=\"275\"><strong data-start=\"228\" data-end=\"241\">Speeches:<\/strong> Low-impedance speaker outputs<\/li>\n<li data-start=\"278\" data-end=\"320\"><strong data-start=\"278\" data-end=\"292\">Management:<\/strong> Front panel LED indicators<\/li>\n<li data-start=\"323\" data-end=\"349\"><strong data-start=\"323\" data-end=\"335\">Cooling:<\/strong> With active fan<\/li>\n<li data-start=\"352\" data-end=\"384\"><strong data-start=\"352\" data-end=\"367\">Installation:<\/strong> 19\u2033 rack mount<\/li>\n<li data-start=\"387\" data-end=\"457\"><strong data-start=\"387\" data-end=\"411\">Additional Features:<\/strong> Short-circuit, overload and thermal protection<\/li>\n<\/ul>","protected":false},"excerpt":{"rendered":"<p>\u0130\u015fl\u0259m\u0259 G\u0259rginliyi: 100\u2013240V AC G\u00fcc \u00c7\u0131x\u0131\u015f\u0131: 2 \u00d7 500 W  [&#8230;]<\/p>","protected":false},"featured_media":9567,"comment_status":"open","ping_status":"closed","template":"","meta":[],"product_brand":[],"product_cat":[289],"product_tag":[],"class_list":{"0":"post-9565","1":"product","2":"type-product","3":"status-publish","4":"has-post-thumbnail","6":"product_cat-audac","7":"pa_mehsul-tipi-amplifiers","9":"first","10":"instock","11":"sold-individually","12":"shipping-taxable","13":"purchasable","14":"product-type-simple"},"_links":{"self":[{"href":"https:\/\/engitech.az\/en\/wp-json\/wp\/v2\/product\/9565","targetHints":{"allow":["GET"]}}],"collection":[{"href":"https:\/\/engitech.az\/en\/wp-json\/wp\/v2\/product"}],"about":[{"href":"https:\/\/engitech.az\/en\/wp-json\/wp\/v2\/types\/product"}],"replies":[{"embeddable":true,"href":"https:\/\/engitech.az\/en\/wp-json\/wp\/v2\/comments?post=9565"}],"wp:featuredmedia":[{"embeddable":true,"href":"https:\/\/engitech.az\/en\/wp-json\/wp\/v2\/media\/9567"}],"wp:attachment":[{"href":"https:\/\/engitech.az\/en\/wp-json\/wp\/v2\/media?parent=9565"}],"wp:term":[{"taxonomy":"product_brand","embeddable":true,"href":"https:\/\/engitech.az\/en\/wp-json\/wp\/v2\/product_brand?post=9565"},{"taxonomy":"product_cat","embeddable":true,"href":"https:\/\/engitech.az\/en\/wp-json\/wp\/v2\/product_cat?post=9565"},{"taxonomy":"product_tag","embeddable":true,"href":"https:\/\/engitech.az\/en\/wp-json\/wp\/v2\/product_tag?post=9565"}],"curies":[{"name":"wp","href":"https:\/\/api.w.org\/{rel}","templated":true}]}}