{"id":9571,"date":"2026-01-27T12:09:54","date_gmt":"2026-01-27T12:09:54","guid":{"rendered":"https:\/\/engitech.az\/?post_type=product&#038;p=9571"},"modified":"2026-01-29T08:56:03","modified_gmt":"2026-01-29T08:56:03","slug":"pmq240","status":"publish","type":"product","link":"https:\/\/engitech.az\/en\/product\/pmq240\/","title":{"rendered":"PMQ240"},"content":{"rendered":"<ul>\n<li data-start=\"28\" data-end=\"64\"><strong data-start=\"28\" data-end=\"50\">Operating Voltage:<\/strong> 100\u2013240V AC<\/li>\n<li data-start=\"67\" data-end=\"101\"><strong data-start=\"67\" data-end=\"82\">Power Output:<\/strong> 240 W @ 70\/100 V<\/li>\n<li data-start=\"104\" data-end=\"133\"><strong data-start=\"104\" data-end=\"123\">Amplifier Type:<\/strong> Class-D<\/li>\n<li data-start=\"136\" data-end=\"168\"><strong data-start=\"136\" data-end=\"149\">Channels:<\/strong> 4 zones \/ 4 outputs<\/li>\n<li data-start=\"171\" data-end=\"224\"><strong data-start=\"171\" data-end=\"184\">Inputs:<\/strong> Mic\/Line inputs, stereo line (RCA)<\/li>\n<li data-start=\"227\" data-end=\"269\"><strong data-start=\"227\" data-end=\"240\">Speeches:<\/strong> 70\/100 V speaker outputs<\/li>\n<li data-start=\"272\" data-end=\"322\"><strong data-start=\"272\" data-end=\"286\">Management:<\/strong> \u00d6n panel s\u0259viyy\u0259 v\u0259 zona n\u0259zar\u0259ti<\/li>\n<li data-start=\"325\" data-end=\"357\"><strong data-start=\"325\" data-end=\"340\">Installation:<\/strong> 19\u2033 rack mount<\/li>\n<li data-start=\"360\" data-end=\"434\"><strong data-start=\"360\" data-end=\"384\">Additional Features:<\/strong> Prioritet mic, daxili mikser, qoruma sisteml\u0259ri<\/li>\n<\/ul>","protected":false},"excerpt":{"rendered":"<p>\u0130\u015fl\u0259m\u0259 G\u0259rginliyi: 100\u2013240V AC G\u00fcc \u00c7\u0131x\u0131\u015f\u0131: 240 W @ 70\/100  [&#8230;]<\/p>","protected":false},"featured_media":9573,"comment_status":"open","ping_status":"closed","template":"","meta":[],"product_brand":[],"product_cat":[289],"product_tag":[],"class_list":{"0":"post-9571","1":"product","2":"type-product","3":"status-publish","4":"has-post-thumbnail","6":"product_cat-audac","7":"pa_mehsul-tipi-amplifiers","9":"first","10":"instock","11":"sold-individually","12":"shipping-taxable","13":"purchasable","14":"product-type-simple"},"_links":{"self":[{"href":"https:\/\/engitech.az\/en\/wp-json\/wp\/v2\/product\/9571","targetHints":{"allow":["GET"]}}],"collection":[{"href":"https:\/\/engitech.az\/en\/wp-json\/wp\/v2\/product"}],"about":[{"href":"https:\/\/engitech.az\/en\/wp-json\/wp\/v2\/types\/product"}],"replies":[{"embeddable":true,"href":"https:\/\/engitech.az\/en\/wp-json\/wp\/v2\/comments?post=9571"}],"wp:featuredmedia":[{"embeddable":true,"href":"https:\/\/engitech.az\/en\/wp-json\/wp\/v2\/media\/9573"}],"wp:attachment":[{"href":"https:\/\/engitech.az\/en\/wp-json\/wp\/v2\/media?parent=9571"}],"wp:term":[{"taxonomy":"product_brand","embeddable":true,"href":"https:\/\/engitech.az\/en\/wp-json\/wp\/v2\/product_brand?post=9571"},{"taxonomy":"product_cat","embeddable":true,"href":"https:\/\/engitech.az\/en\/wp-json\/wp\/v2\/product_cat?post=9571"},{"taxonomy":"product_tag","embeddable":true,"href":"https:\/\/engitech.az\/en\/wp-json\/wp\/v2\/product_tag?post=9571"}],"curies":[{"name":"wp","href":"https:\/\/api.w.org\/{rel}","templated":true}]}}