{"id":9586,"date":"2026-01-27T13:06:22","date_gmt":"2026-01-27T13:06:22","guid":{"rendered":"https:\/\/engitech.az\/?post_type=product&#038;p=9586"},"modified":"2026-01-29T10:59:37","modified_gmt":"2026-01-29T10:59:37","slug":"cla833","status":"publish","type":"product","link":"https:\/\/engitech.az\/en\/product\/cla833\/","title":{"rendered":"CLA833"},"content":{"rendered":"<ul>\n<li data-start=\"2\" data-end=\"36\"><strong data-start=\"2\" data-end=\"17\" data-is-only-node=\"\">Power Output:<\/strong> 8 \u00d7 30 W @ 4\/8 \u03a9<\/li>\n<li data-start=\"39\" data-end=\"68\"><strong data-start=\"39\" data-end=\"47\" data-is-only-node=\"\">Type:<\/strong> Class-D, 8 kanall\u0131<\/li>\n<li data-start=\"71\" data-end=\"131\"><strong data-start=\"71\" data-end=\"87\" data-is-only-node=\"\">Giri\u015f\/\u00c7\u0131x\u0131\u015f:<\/strong> Balansl\u0131 line giri\u015fl\u0259r, speaker \u00e7\u0131x\u0131\u015flar\u0131<\/li>\n<li data-start=\"134\" data-end=\"160\"><strong data-start=\"134\" data-end=\"149\" data-is-only-node=\"\">Installation:<\/strong> 19\u2033 rack<\/li>\n<li data-start=\"163\" data-end=\"210\"><strong data-start=\"163\" data-end=\"173\" data-is-only-node=\"\">Additional:<\/strong> Fans\u0131z, \u00e7oxzona sisteml\u0259r \u00fc\u00e7\u00fcn uy\u011fun<\/li>\n<\/ul>","protected":false},"excerpt":{"rendered":"<p>G\u00fcc \u00c7\u0131x\u0131\u015f\u0131: 8 \u00d7 30 W @ 4\/8 \u03a9 Tip:  [&#8230;]<\/p>","protected":false},"featured_media":9588,"comment_status":"open","ping_status":"closed","template":"","meta":[],"product_brand":[],"product_cat":[289],"product_tag":[],"class_list":{"0":"post-9586","1":"product","2":"type-product","3":"status-publish","4":"has-post-thumbnail","6":"product_cat-audac","7":"pa_mehsul-tipi-amplifier-accessories","9":"first","10":"instock","11":"sold-individually","12":"shipping-taxable","13":"purchasable","14":"product-type-simple"},"_links":{"self":[{"href":"https:\/\/engitech.az\/en\/wp-json\/wp\/v2\/product\/9586","targetHints":{"allow":["GET"]}}],"collection":[{"href":"https:\/\/engitech.az\/en\/wp-json\/wp\/v2\/product"}],"about":[{"href":"https:\/\/engitech.az\/en\/wp-json\/wp\/v2\/types\/product"}],"replies":[{"embeddable":true,"href":"https:\/\/engitech.az\/en\/wp-json\/wp\/v2\/comments?post=9586"}],"wp:featuredmedia":[{"embeddable":true,"href":"https:\/\/engitech.az\/en\/wp-json\/wp\/v2\/media\/9588"}],"wp:attachment":[{"href":"https:\/\/engitech.az\/en\/wp-json\/wp\/v2\/media?parent=9586"}],"wp:term":[{"taxonomy":"product_brand","embeddable":true,"href":"https:\/\/engitech.az\/en\/wp-json\/wp\/v2\/product_brand?post=9586"},{"taxonomy":"product_cat","embeddable":true,"href":"https:\/\/engitech.az\/en\/wp-json\/wp\/v2\/product_cat?post=9586"},{"taxonomy":"product_tag","embeddable":true,"href":"https:\/\/engitech.az\/en\/wp-json\/wp\/v2\/product_tag?post=9586"}],"curies":[{"name":"wp","href":"https:\/\/api.w.org\/{rel}","templated":true}]}}