{"id":9589,"date":"2026-01-27T13:08:55","date_gmt":"2026-01-27T13:08:55","guid":{"rendered":"https:\/\/engitech.az\/?post_type=product&#038;p=9589"},"modified":"2026-01-29T10:59:55","modified_gmt":"2026-01-29T10:59:55","slug":"ani44xt","status":"publish","type":"product","link":"https:\/\/engitech.az\/en\/product\/ani44xt\/","title":{"rendered":"ANI44XT"},"content":{"rendered":"<div class=\"flex flex-col text-sm\">\n<article class=\"text-token-text-primary w-full focus:outline-none [--shadow-height:45px] has-data-writing-block:pointer-events-none has-data-writing-block:-mt-(--shadow-height) has-data-writing-block:pt-(--shadow-height) [&amp;:has([data-writing-block])&gt;*]:pointer-events-auto scroll-mt-[calc(var(--header-height)+min(200px,max(70px,20svh)))]\" dir=\"auto\" tabindex=\"-1\" data-turn-id=\"request-WEB:59e0e6d3-6631-4eda-92fb-41db224453ef-16\" data-testid=\"conversation-turn-34\" data-scroll-anchor=\"true\" data-turn=\"assistant\">\n<div class=\"text-base my-auto mx-auto pb-10 [--thread-content-margin:--spacing(4)] @w-sm\/main:[--thread-content-margin:--spacing(6)] @w-lg\/main:[--thread-content-margin:--spacing(16)] px-(--thread-content-margin)\">\n<div class=\"[--thread-content-max-width:40rem] @w-lg\/main:[--thread-content-max-width:48rem] mx-auto max-w-(--thread-content-max-width) flex-1 group\/turn-messages focus-visible:outline-hidden relative flex w-full min-w-0 flex-col agent-turn\" tabindex=\"-1\">\n<div class=\"flex max-w-full flex-col grow\">\n<div class=\"min-h-8 text-message relative flex w-full flex-col items-end gap-2 text-start break-words whitespace-normal [.text-message+&amp;]:mt-1\" dir=\"auto\" data-message-author-role=\"assistant\" data-message-id=\"8d86f49c-3dc5-404f-9e8b-73d79919ec9e\" data-message-model-slug=\"gpt-5-2\">\n<div class=\"flex w-full flex-col gap-1 empty:hidden first:pt-[1px]\">\n<div class=\"markdown prose dark:prose-invert w-full wrap-break-word dark markdown-new-styling\">\n<ul>\n<li data-start=\"2\" data-end=\"52\"><strong data-start=\"2\" data-end=\"10\" data-is-only-node=\"\">Type:<\/strong> Dante\u2122 \/ AES67 audio network interfeysi<\/li>\n<li data-start=\"55\" data-end=\"92\"><strong data-start=\"55\" data-end=\"68\" data-is-only-node=\"\">Channels:<\/strong> 4 \u00d7 giri\u015f \/ 4 \u00d7 \u00e7\u0131x\u0131\u015f<\/li>\n<li data-start=\"95\" data-end=\"125\"><strong data-start=\"95\" data-end=\"108\" data-is-only-node=\"\">Link:<\/strong> Ethernet (PoE)<\/li>\n<li data-start=\"128\" data-end=\"176\"><strong data-start=\"128\" data-end=\"141\" data-is-only-node=\"\">Compatibility:<\/strong> AUDAC Touch\u2122, LUNA, MFA seriyas\u0131<\/li>\n<li data-start=\"179\" data-end=\"236\"><strong data-start=\"179\" data-end=\"189\" data-is-only-node=\"\">Additional:<\/strong> R\u0259q\u0259msal audio \u015f\u0259b\u0259k\u0259 inteqrasiyas\u0131 \u00fc\u00e7\u00fcn modul<\/li>\n<\/ul>\n<\/div>\n<\/div>\n<\/div>\n<\/div>\n<div class=\"z-0 flex min-h-[46px] justify-start\"><\/div>\n<\/div>\n<\/div>\n<\/article>\n<\/div>\n<div class=\"pointer-events-none h-px w-px absolute bottom-0\" aria-hidden=\"true\" data-edge=\"true\"><\/div>","protected":false},"excerpt":{"rendered":"<p>Tip: Dante\u2122 \/ AES67 audio network interfeysi Kanallar: 4 \u00d7  [&#8230;]<\/p>","protected":false},"featured_media":9590,"comment_status":"open","ping_status":"closed","template":"","meta":[],"product_brand":[],"product_cat":[289],"product_tag":[],"class_list":{"0":"post-9589","1":"product","2":"type-product","3":"status-publish","4":"has-post-thumbnail","6":"product_cat-audac","7":"pa_mehsul-tipi-amplifier-accessories","9":"first","10":"instock","11":"sold-individually","12":"shipping-taxable","13":"purchasable","14":"product-type-simple"},"_links":{"self":[{"href":"https:\/\/engitech.az\/en\/wp-json\/wp\/v2\/product\/9589","targetHints":{"allow":["GET"]}}],"collection":[{"href":"https:\/\/engitech.az\/en\/wp-json\/wp\/v2\/product"}],"about":[{"href":"https:\/\/engitech.az\/en\/wp-json\/wp\/v2\/types\/product"}],"replies":[{"embeddable":true,"href":"https:\/\/engitech.az\/en\/wp-json\/wp\/v2\/comments?post=9589"}],"wp:featuredmedia":[{"embeddable":true,"href":"https:\/\/engitech.az\/en\/wp-json\/wp\/v2\/media\/9590"}],"wp:attachment":[{"href":"https:\/\/engitech.az\/en\/wp-json\/wp\/v2\/media?parent=9589"}],"wp:term":[{"taxonomy":"product_brand","embeddable":true,"href":"https:\/\/engitech.az\/en\/wp-json\/wp\/v2\/product_brand?post=9589"},{"taxonomy":"product_cat","embeddable":true,"href":"https:\/\/engitech.az\/en\/wp-json\/wp\/v2\/product_cat?post=9589"},{"taxonomy":"product_tag","embeddable":true,"href":"https:\/\/engitech.az\/en\/wp-json\/wp\/v2\/product_tag?post=9589"}],"curies":[{"name":"wp","href":"https:\/\/api.w.org\/{rel}","templated":true}]}}