{"id":9591,"date":"2026-01-27T13:15:01","date_gmt":"2026-01-27T13:15:01","guid":{"rendered":"https:\/\/engitech.az\/?post_type=product&#038;p=9591"},"modified":"2026-01-29T11:00:17","modified_gmt":"2026-01-29T11:00:17","slug":"cla830","status":"publish","type":"product","link":"https:\/\/engitech.az\/en\/product\/cla830\/","title":{"rendered":"CLA830"},"content":{"rendered":"<ul>\n<li data-start=\"30\" data-end=\"64\"><strong data-start=\"30\" data-end=\"45\">Power Output:<\/strong> 8 \u00d7 20 W @ 4\/8\u202f\u03a9<\/li>\n<li data-start=\"67\" data-end=\"96\"><strong data-start=\"67\" data-end=\"75\">Type:<\/strong> Class-D, 8 kanall\u0131<\/li>\n<li data-start=\"99\" data-end=\"159\"><strong data-start=\"99\" data-end=\"115\">Giri\u015f\/\u00c7\u0131x\u0131\u015f:<\/strong> Balansl\u0131 line giri\u015fl\u0259r, speaker \u00e7\u0131x\u0131\u015flar\u0131<\/li>\n<li data-start=\"162\" data-end=\"188\"><strong data-start=\"162\" data-end=\"177\">Installation:<\/strong> 19\u2033 rack<\/li>\n<li data-start=\"191\" data-end=\"238\"><strong data-start=\"191\" data-end=\"201\">Additional:<\/strong> Fans\u0131z, kompakt \u00e7oxzona g\u00fccl\u0259ndirici<\/li>\n<\/ul>","protected":false},"excerpt":{"rendered":"<p>G\u00fcc \u00c7\u0131x\u0131\u015f\u0131: 8 \u00d7 20 W @ 4\/8\u202f\u03a9 Tip: Class-D,  [&#8230;]<\/p>","protected":false},"featured_media":9592,"comment_status":"open","ping_status":"closed","template":"","meta":[],"product_brand":[],"product_cat":[289],"product_tag":[],"class_list":{"0":"post-9591","1":"product","2":"type-product","3":"status-publish","4":"has-post-thumbnail","6":"product_cat-audac","7":"pa_mehsul-tipi-amplifier-accessories","9":"first","10":"instock","11":"sold-individually","12":"shipping-taxable","13":"purchasable","14":"product-type-simple"},"_links":{"self":[{"href":"https:\/\/engitech.az\/en\/wp-json\/wp\/v2\/product\/9591","targetHints":{"allow":["GET"]}}],"collection":[{"href":"https:\/\/engitech.az\/en\/wp-json\/wp\/v2\/product"}],"about":[{"href":"https:\/\/engitech.az\/en\/wp-json\/wp\/v2\/types\/product"}],"replies":[{"embeddable":true,"href":"https:\/\/engitech.az\/en\/wp-json\/wp\/v2\/comments?post=9591"}],"wp:featuredmedia":[{"embeddable":true,"href":"https:\/\/engitech.az\/en\/wp-json\/wp\/v2\/media\/9592"}],"wp:attachment":[{"href":"https:\/\/engitech.az\/en\/wp-json\/wp\/v2\/media?parent=9591"}],"wp:term":[{"taxonomy":"product_brand","embeddable":true,"href":"https:\/\/engitech.az\/en\/wp-json\/wp\/v2\/product_brand?post=9591"},{"taxonomy":"product_cat","embeddable":true,"href":"https:\/\/engitech.az\/en\/wp-json\/wp\/v2\/product_cat?post=9591"},{"taxonomy":"product_tag","embeddable":true,"href":"https:\/\/engitech.az\/en\/wp-json\/wp\/v2\/product_tag?post=9591"}],"curies":[{"name":"wp","href":"https:\/\/api.w.org\/{rel}","templated":true}]}}