{"id":9595,"date":"2026-01-28T07:40:34","date_gmt":"2026-01-28T07:40:34","guid":{"rendered":"https:\/\/engitech.az\/?post_type=product&#038;p=9595"},"modified":"2026-01-29T11:00:51","modified_gmt":"2026-01-29T11:00:51","slug":"mbs310","status":"publish","type":"product","link":"https:\/\/engitech.az\/en\/product\/mbs310\/","title":{"rendered":"MBS310"},"content":{"rendered":"<ul>\n<li data-start=\"2\" data-end=\"49\"><strong data-start=\"2\" data-end=\"10\" data-is-only-node=\"\">Type:<\/strong> Divar montaj \u00fc\u00e7\u00fcn audio m\u0259nb\u0259 paneli<\/li>\n<li data-start=\"52\" data-end=\"89\"><strong data-start=\"52\" data-end=\"65\" data-is-only-node=\"\">Function:<\/strong> Bluetooth audio q\u0259bul<\/li>\n<li data-start=\"92\" data-end=\"135\"><strong data-start=\"92\" data-end=\"105\" data-is-only-node=\"\">Link:<\/strong> Balanss\u0131z stereo line \u00e7\u0131x\u0131\u015f<\/li>\n<li data-start=\"138\" data-end=\"196\"><strong data-start=\"138\" data-end=\"152\" data-is-only-node=\"\">Management:<\/strong> \u00d6n panel pairing d\u00fcym\u0259si v\u0259 LED indikator<\/li>\n<li data-start=\"199\" data-end=\"234\"><strong data-start=\"199\" data-end=\"214\" data-is-only-node=\"\">Installation:<\/strong> Standart wall box<\/li>\n<li data-start=\"237\" data-end=\"283\"><strong data-start=\"237\" data-end=\"247\" data-is-only-node=\"\">Additional:<\/strong> Lokal audio giri\u015f \u00fc\u00e7\u00fcn kompakt h\u0259ll<\/li>\n<\/ul>","protected":false},"excerpt":{"rendered":"<p>Tip: Divar montaj \u00fc\u00e7\u00fcn audio m\u0259nb\u0259 paneli Funksiya: Bluetooth audio  [&#8230;]<\/p>","protected":false},"featured_media":9596,"comment_status":"open","ping_status":"closed","template":"","meta":[],"product_brand":[],"product_cat":[289],"product_tag":[],"class_list":{"0":"post-9595","1":"product","2":"type-product","3":"status-publish","4":"has-post-thumbnail","6":"product_cat-audac","7":"pa_mehsul-tipi-amplifier-accessories","9":"first","10":"instock","11":"sold-individually","12":"shipping-taxable","13":"purchasable","14":"product-type-simple"},"_links":{"self":[{"href":"https:\/\/engitech.az\/en\/wp-json\/wp\/v2\/product\/9595","targetHints":{"allow":["GET"]}}],"collection":[{"href":"https:\/\/engitech.az\/en\/wp-json\/wp\/v2\/product"}],"about":[{"href":"https:\/\/engitech.az\/en\/wp-json\/wp\/v2\/types\/product"}],"replies":[{"embeddable":true,"href":"https:\/\/engitech.az\/en\/wp-json\/wp\/v2\/comments?post=9595"}],"wp:featuredmedia":[{"embeddable":true,"href":"https:\/\/engitech.az\/en\/wp-json\/wp\/v2\/media\/9596"}],"wp:attachment":[{"href":"https:\/\/engitech.az\/en\/wp-json\/wp\/v2\/media?parent=9595"}],"wp:term":[{"taxonomy":"product_brand","embeddable":true,"href":"https:\/\/engitech.az\/en\/wp-json\/wp\/v2\/product_brand?post=9595"},{"taxonomy":"product_cat","embeddable":true,"href":"https:\/\/engitech.az\/en\/wp-json\/wp\/v2\/product_cat?post=9595"},{"taxonomy":"product_tag","embeddable":true,"href":"https:\/\/engitech.az\/en\/wp-json\/wp\/v2\/product_tag?post=9595"}],"curies":[{"name":"wp","href":"https:\/\/api.w.org\/{rel}","templated":true}]}}