{"id":9598,"date":"2026-01-28T07:48:16","date_gmt":"2026-01-28T07:48:16","guid":{"rendered":"https:\/\/engitech.az\/?post_type=product&#038;p=9598"},"modified":"2026-01-29T08:58:47","modified_gmt":"2026-01-29T08:58:47","slug":"pre116","status":"publish","type":"product","link":"https:\/\/engitech.az\/en\/product\/pre116\/","title":{"rendered":"PRE116"},"content":{"rendered":"<ul>\n<li data-start=\"2\" data-end=\"40\"><strong data-start=\"2\" data-end=\"10\" data-is-only-node=\"\">Type:<\/strong> 6 zonal\u0131 audio preamplifier<\/li>\n<li data-start=\"43\" data-end=\"80\"><strong data-start=\"43\" data-end=\"56\" data-is-only-node=\"\">Inputs:<\/strong> 6 \u00d7 balansl\u0131 Mic\/Line<\/li>\n<li data-start=\"83\" data-end=\"133\"><strong data-start=\"83\" data-end=\"96\" data-is-only-node=\"\">Speeches:<\/strong> 6 \u00d7 balansl\u0131 Line (zona \u00e7\u0131x\u0131\u015flar\u0131)<\/li>\n<li data-start=\"136\" data-end=\"183\"><strong data-start=\"136\" data-end=\"150\" data-is-only-node=\"\">Management:<\/strong> \u00d6n panel gain v\u0259 zona n\u0259zar\u0259ti<\/li>\n<li data-start=\"186\" data-end=\"212\"><strong data-start=\"186\" data-end=\"201\" data-is-only-node=\"\">Installation:<\/strong> 19\u2033 rack<\/li>\n<li data-start=\"215\" data-end=\"270\"><strong data-start=\"215\" data-end=\"225\" data-is-only-node=\"\">Additional:<\/strong> \u00c7oxzona audio sisteml\u0259r \u00fc\u00e7\u00fcn n\u0259z\u0259rd\u0259 tutulub<\/li>\n<\/ul>","protected":false},"excerpt":{"rendered":"<p>Tip: 6 zonal\u0131 audio preamplifier Giri\u015fl\u0259r: 6 \u00d7 balansl\u0131 Mic\/Line  [&#8230;]<\/p>","protected":false},"featured_media":9605,"comment_status":"open","ping_status":"closed","template":"","meta":[],"product_brand":[],"product_cat":[289],"product_tag":[],"class_list":{"0":"post-9598","1":"product","2":"type-product","3":"status-publish","4":"has-post-thumbnail","6":"product_cat-audac","7":"pa_mehsul-tipi-preamplifiers","9":"first","10":"instock","11":"sold-individually","12":"shipping-taxable","13":"purchasable","14":"product-type-simple"},"_links":{"self":[{"href":"https:\/\/engitech.az\/en\/wp-json\/wp\/v2\/product\/9598","targetHints":{"allow":["GET"]}}],"collection":[{"href":"https:\/\/engitech.az\/en\/wp-json\/wp\/v2\/product"}],"about":[{"href":"https:\/\/engitech.az\/en\/wp-json\/wp\/v2\/types\/product"}],"replies":[{"embeddable":true,"href":"https:\/\/engitech.az\/en\/wp-json\/wp\/v2\/comments?post=9598"}],"wp:featuredmedia":[{"embeddable":true,"href":"https:\/\/engitech.az\/en\/wp-json\/wp\/v2\/media\/9605"}],"wp:attachment":[{"href":"https:\/\/engitech.az\/en\/wp-json\/wp\/v2\/media?parent=9598"}],"wp:term":[{"taxonomy":"product_brand","embeddable":true,"href":"https:\/\/engitech.az\/en\/wp-json\/wp\/v2\/product_brand?post=9598"},{"taxonomy":"product_cat","embeddable":true,"href":"https:\/\/engitech.az\/en\/wp-json\/wp\/v2\/product_cat?post=9598"},{"taxonomy":"product_tag","embeddable":true,"href":"https:\/\/engitech.az\/en\/wp-json\/wp\/v2\/product_tag?post=9598"}],"curies":[{"name":"wp","href":"https:\/\/api.w.org\/{rel}","templated":true}]}}