{"id":9606,"date":"2026-01-28T07:50:52","date_gmt":"2026-01-28T07:50:52","guid":{"rendered":"https:\/\/engitech.az\/?post_type=product&#038;p=9606"},"modified":"2026-01-29T08:59:06","modified_gmt":"2026-01-29T08:59:06","slug":"pre126","status":"publish","type":"product","link":"https:\/\/engitech.az\/en\/product\/pre126\/","title":{"rendered":"PRE126"},"content":{"rendered":"<ul>\n<li data-start=\"2\" data-end=\"40\"><strong data-start=\"2\" data-end=\"10\" data-is-only-node=\"\">Type:<\/strong> 6 zonal\u0131 audio preamplifier<\/li>\n<li data-start=\"43\" data-end=\"71\"><strong data-start=\"43\" data-end=\"56\" data-is-only-node=\"\">Inputs:<\/strong> 6 \u00d7 Mic\/Line<\/li>\n<li data-start=\"74\" data-end=\"115\"><strong data-start=\"74\" data-end=\"87\" data-is-only-node=\"\">Speeches:<\/strong> 6 \u00d7 Line (zona \u00e7\u0131x\u0131\u015flar\u0131)<\/li>\n<li data-start=\"118\" data-end=\"163\"><strong data-start=\"118\" data-end=\"132\" data-is-only-node=\"\">Management:<\/strong> \u00d6n panel gain v\u0259 zona se\u00e7imi<\/li>\n<li data-start=\"166\" data-end=\"192\"><strong data-start=\"166\" data-end=\"181\" data-is-only-node=\"\">Installation:<\/strong> 19\u2033 rack<\/li>\n<li data-start=\"195\" data-end=\"252\"><strong data-start=\"195\" data-end=\"205\" data-is-only-node=\"\">Additional:<\/strong> \u00c7oxzona PA v\u0259 fon musiqi sisteml\u0259ri \u00fc\u00e7\u00fcn uy\u011fun<\/li>\n<\/ul>","protected":false},"excerpt":{"rendered":"<p>Tip: 6 zonal\u0131 audio preamplifier Giri\u015fl\u0259r: 6 \u00d7 Mic\/Line \u00c7\u0131x\u0131\u015flar:  [&#8230;]<\/p>","protected":false},"featured_media":9608,"comment_status":"open","ping_status":"closed","template":"","meta":[],"product_brand":[],"product_cat":[289],"product_tag":[],"class_list":{"0":"post-9606","1":"product","2":"type-product","3":"status-publish","4":"has-post-thumbnail","6":"product_cat-audac","7":"pa_mehsul-tipi-preamplifiers","9":"first","10":"instock","11":"sold-individually","12":"shipping-taxable","13":"purchasable","14":"product-type-simple"},"_links":{"self":[{"href":"https:\/\/engitech.az\/en\/wp-json\/wp\/v2\/product\/9606","targetHints":{"allow":["GET"]}}],"collection":[{"href":"https:\/\/engitech.az\/en\/wp-json\/wp\/v2\/product"}],"about":[{"href":"https:\/\/engitech.az\/en\/wp-json\/wp\/v2\/types\/product"}],"replies":[{"embeddable":true,"href":"https:\/\/engitech.az\/en\/wp-json\/wp\/v2\/comments?post=9606"}],"wp:featuredmedia":[{"embeddable":true,"href":"https:\/\/engitech.az\/en\/wp-json\/wp\/v2\/media\/9608"}],"wp:attachment":[{"href":"https:\/\/engitech.az\/en\/wp-json\/wp\/v2\/media?parent=9606"}],"wp:term":[{"taxonomy":"product_brand","embeddable":true,"href":"https:\/\/engitech.az\/en\/wp-json\/wp\/v2\/product_brand?post=9606"},{"taxonomy":"product_cat","embeddable":true,"href":"https:\/\/engitech.az\/en\/wp-json\/wp\/v2\/product_cat?post=9606"},{"taxonomy":"product_tag","embeddable":true,"href":"https:\/\/engitech.az\/en\/wp-json\/wp\/v2\/product_tag?post=9606"}],"curies":[{"name":"wp","href":"https:\/\/api.w.org\/{rel}","templated":true}]}}