{"id":9612,"date":"2026-01-28T07:55:06","date_gmt":"2026-01-28T07:55:06","guid":{"rendered":"https:\/\/engitech.az\/?post_type=product&#038;p=9612"},"modified":"2026-01-29T08:59:42","modified_gmt":"2026-01-29T08:59:42","slug":"pre240","status":"publish","type":"product","link":"https:\/\/engitech.az\/en\/product\/pre240\/","title":{"rendered":"PRE240"},"content":{"rendered":"<ul>\n<li data-start=\"2\" data-end=\"40\"><strong data-start=\"2\" data-end=\"10\" data-is-only-node=\"\">Type:<\/strong> Audio preamplifier \/ mikser<\/li>\n<li data-start=\"43\" data-end=\"71\"><strong data-start=\"43\" data-end=\"56\" data-is-only-node=\"\">Inputs:<\/strong> 4 \u00d7 Mic\/Line<\/li>\n<li data-start=\"74\" data-end=\"98\"><strong data-start=\"74\" data-end=\"87\" data-is-only-node=\"\">Speeches:<\/strong> 2 \u00d7 Line<\/li>\n<li data-start=\"101\" data-end=\"151\"><strong data-start=\"101\" data-end=\"115\" data-is-only-node=\"\">Management:<\/strong> \u00d6n panel gain v\u0259 s\u0259viyy\u0259 n\u0259zar\u0259ti<\/li>\n<li data-start=\"154\" data-end=\"180\"><strong data-start=\"154\" data-end=\"169\" data-is-only-node=\"\">Installation:<\/strong> 19\u2033 rack<\/li>\n<li data-start=\"183\" data-end=\"235\"><strong data-start=\"183\" data-end=\"193\" data-is-only-node=\"\">Additional:<\/strong> PA v\u0259 fon musiqi sisteml\u0259ri \u00fc\u00e7\u00fcn uy\u011fundur<\/li>\n<\/ul>","protected":false},"excerpt":{"rendered":"<p>Tip: Audio preamplifier \/ mikser Giri\u015fl\u0259r: 4 \u00d7 Mic\/Line \u00c7\u0131x\u0131\u015flar:  [&#8230;]<\/p>","protected":false},"featured_media":9614,"comment_status":"open","ping_status":"closed","template":"","meta":[],"product_brand":[],"product_cat":[289],"product_tag":[],"class_list":{"0":"post-9612","1":"product","2":"type-product","3":"status-publish","4":"has-post-thumbnail","6":"product_cat-audac","7":"pa_mehsul-tipi-preamplifiers","9":"first","10":"instock","11":"sold-individually","12":"shipping-taxable","13":"purchasable","14":"product-type-simple"},"_links":{"self":[{"href":"https:\/\/engitech.az\/en\/wp-json\/wp\/v2\/product\/9612","targetHints":{"allow":["GET"]}}],"collection":[{"href":"https:\/\/engitech.az\/en\/wp-json\/wp\/v2\/product"}],"about":[{"href":"https:\/\/engitech.az\/en\/wp-json\/wp\/v2\/types\/product"}],"replies":[{"embeddable":true,"href":"https:\/\/engitech.az\/en\/wp-json\/wp\/v2\/comments?post=9612"}],"wp:featuredmedia":[{"embeddable":true,"href":"https:\/\/engitech.az\/en\/wp-json\/wp\/v2\/media\/9614"}],"wp:attachment":[{"href":"https:\/\/engitech.az\/en\/wp-json\/wp\/v2\/media?parent=9612"}],"wp:term":[{"taxonomy":"product_brand","embeddable":true,"href":"https:\/\/engitech.az\/en\/wp-json\/wp\/v2\/product_brand?post=9612"},{"taxonomy":"product_cat","embeddable":true,"href":"https:\/\/engitech.az\/en\/wp-json\/wp\/v2\/product_cat?post=9612"},{"taxonomy":"product_tag","embeddable":true,"href":"https:\/\/engitech.az\/en\/wp-json\/wp\/v2\/product_tag?post=9612"}],"curies":[{"name":"wp","href":"https:\/\/api.w.org\/{rel}","templated":true}]}}