{"id":9626,"date":"2026-01-28T08:22:29","date_gmt":"2026-01-28T08:22:29","guid":{"rendered":"https:\/\/engitech.az\/?post_type=product&#038;p=9626"},"modified":"2026-01-29T10:29:05","modified_gmt":"2026-01-29T10:29:05","slug":"ares5a","status":"publish","type":"product","link":"https:\/\/engitech.az\/en\/product\/ares5a\/","title":{"rendered":"ARES5A"},"content":{"rendered":"<ul>\n<li data-start=\"2\" data-end=\"42\"><strong data-start=\"2\" data-end=\"10\" data-is-only-node=\"\">Type:<\/strong> Aktiv 2-yollu s\u0259sg\u00fccl\u0259ndirici<\/li>\n<li data-start=\"45\" data-end=\"78\"><strong data-start=\"45\" data-end=\"54\" data-is-only-node=\"\">Size:<\/strong> 5\u2033 woofer + HF driver<\/li>\n<li data-start=\"81\" data-end=\"116\"><strong data-start=\"81\" data-end=\"89\" data-is-only-node=\"\">Power:<\/strong> Daxili Class-D amplifier<\/li>\n<li data-start=\"119\" data-end=\"148\"><strong data-start=\"119\" data-end=\"132\" data-is-only-node=\"\">Inputs:<\/strong> Balansl\u0131 Line<\/li>\n<li data-start=\"151\" data-end=\"202\"><strong data-start=\"151\" data-end=\"164\" data-is-only-node=\"\">Usage:<\/strong> Fon musiqisi, bar, restoran, retail<\/li>\n<li data-start=\"205\" data-end=\"235\"><strong data-start=\"205\" data-end=\"220\" data-is-only-node=\"\">Installation:<\/strong> Divar montaj<\/li>\n<li data-start=\"238\" data-end=\"286\"><strong data-start=\"238\" data-end=\"248\" data-is-only-node=\"\">Additional:<\/strong> Kompakt dizayn, daxili DSP, t\u0259miz s\u0259s<\/li>\n<\/ul>","protected":false},"excerpt":{"rendered":"<p>Tip: Aktiv 2-yollu s\u0259sg\u00fccl\u0259ndirici \u00d6l\u00e7\u00fc: 5\u2033 woofer + HF driver  [&#8230;]<\/p>","protected":false},"featured_media":9628,"comment_status":"open","ping_status":"closed","template":"","meta":[],"product_brand":[],"product_cat":[289],"product_tag":[],"class_list":{"0":"post-9626","1":"product","2":"type-product","3":"status-publish","4":"has-post-thumbnail","6":"product_cat-audac","7":"pa_mehsul-tipi-loudspeakers","9":"first","10":"instock","11":"sold-individually","12":"shipping-taxable","13":"purchasable","14":"product-type-simple"},"_links":{"self":[{"href":"https:\/\/engitech.az\/en\/wp-json\/wp\/v2\/product\/9626","targetHints":{"allow":["GET"]}}],"collection":[{"href":"https:\/\/engitech.az\/en\/wp-json\/wp\/v2\/product"}],"about":[{"href":"https:\/\/engitech.az\/en\/wp-json\/wp\/v2\/types\/product"}],"replies":[{"embeddable":true,"href":"https:\/\/engitech.az\/en\/wp-json\/wp\/v2\/comments?post=9626"}],"wp:featuredmedia":[{"embeddable":true,"href":"https:\/\/engitech.az\/en\/wp-json\/wp\/v2\/media\/9628"}],"wp:attachment":[{"href":"https:\/\/engitech.az\/en\/wp-json\/wp\/v2\/media?parent=9626"}],"wp:term":[{"taxonomy":"product_brand","embeddable":true,"href":"https:\/\/engitech.az\/en\/wp-json\/wp\/v2\/product_brand?post=9626"},{"taxonomy":"product_cat","embeddable":true,"href":"https:\/\/engitech.az\/en\/wp-json\/wp\/v2\/product_cat?post=9626"},{"taxonomy":"product_tag","embeddable":true,"href":"https:\/\/engitech.az\/en\/wp-json\/wp\/v2\/product_tag?post=9626"}],"curies":[{"name":"wp","href":"https:\/\/api.w.org\/{rel}","templated":true}]}}