{"id":9631,"date":"2026-01-28T08:30:24","date_gmt":"2026-01-28T08:30:24","guid":{"rendered":"https:\/\/engitech.az\/?post_type=product&#038;p=9631"},"modified":"2026-01-29T10:13:57","modified_gmt":"2026-01-29T10:13:57","slug":"imeo1","status":"publish","type":"product","link":"https:\/\/engitech.az\/en\/product\/imeo1\/","title":{"rendered":"IMEO1"},"content":{"rendered":"<ul>\n<li data-start=\"2\" data-end=\"53\"><strong data-start=\"2\" data-end=\"10\" data-is-only-node=\"\">Type:<\/strong> Masa\u00fcst\u00fc \/ rack montajl\u0131 audio interfeys<\/li>\n<li data-start=\"56\" data-end=\"95\"><strong data-start=\"56\" data-end=\"69\" data-is-only-node=\"\">Inputs:<\/strong> 1 \u00d7 Mic\/Line (balansl\u0131)<\/li>\n<li data-start=\"98\" data-end=\"139\"><strong data-start=\"98\" data-end=\"111\" data-is-only-node=\"\">Speeches:<\/strong> 1 \u00d7 Line \/ speaker \u00e7\u0131x\u0131\u015f\u0131<\/li>\n<li data-start=\"142\" data-end=\"187\"><strong data-start=\"142\" data-end=\"156\" data-is-only-node=\"\">Management:<\/strong> Gain v\u0259 s\u0259viyy\u0259 t\u0259nziml\u0259m\u0259si<\/li>\n<li data-start=\"190\" data-end=\"231\"><strong data-start=\"190\" data-end=\"205\" data-is-only-node=\"\">Installation:<\/strong> Masa\u00fcst\u00fc v\u0259 ya 19\u2033 rack<\/li>\n<li data-start=\"234\" data-end=\"284\"><strong data-start=\"234\" data-end=\"244\" data-is-only-node=\"\">Additional:<\/strong> Ki\u00e7ik audio sisteml\u0259r \u00fc\u00e7\u00fcn kompakt h\u0259ll<\/li>\n<\/ul>","protected":false},"excerpt":{"rendered":"<p>Tip: Masa\u00fcst\u00fc \/ rack montajl\u0131 audio interfeys Giri\u015fl\u0259r: 1 \u00d7  [&#8230;]<\/p>","protected":false},"featured_media":9637,"comment_status":"open","ping_status":"closed","template":"","meta":[],"product_brand":[],"product_cat":[289],"product_tag":[],"class_list":{"0":"post-9631","1":"product","2":"type-product","3":"status-publish","4":"has-post-thumbnail","6":"product_cat-audac","7":"pa_mehsul-tipi-soundbars","9":"first","10":"instock","11":"sold-individually","12":"shipping-taxable","13":"purchasable","14":"product-type-simple"},"_links":{"self":[{"href":"https:\/\/engitech.az\/en\/wp-json\/wp\/v2\/product\/9631","targetHints":{"allow":["GET"]}}],"collection":[{"href":"https:\/\/engitech.az\/en\/wp-json\/wp\/v2\/product"}],"about":[{"href":"https:\/\/engitech.az\/en\/wp-json\/wp\/v2\/types\/product"}],"replies":[{"embeddable":true,"href":"https:\/\/engitech.az\/en\/wp-json\/wp\/v2\/comments?post=9631"}],"wp:featuredmedia":[{"embeddable":true,"href":"https:\/\/engitech.az\/en\/wp-json\/wp\/v2\/media\/9637"}],"wp:attachment":[{"href":"https:\/\/engitech.az\/en\/wp-json\/wp\/v2\/media?parent=9631"}],"wp:term":[{"taxonomy":"product_brand","embeddable":true,"href":"https:\/\/engitech.az\/en\/wp-json\/wp\/v2\/product_brand?post=9631"},{"taxonomy":"product_cat","embeddable":true,"href":"https:\/\/engitech.az\/en\/wp-json\/wp\/v2\/product_cat?post=9631"},{"taxonomy":"product_tag","embeddable":true,"href":"https:\/\/engitech.az\/en\/wp-json\/wp\/v2\/product_tag?post=9631"}],"curies":[{"name":"wp","href":"https:\/\/api.w.org\/{rel}","templated":true}]}}